{"id":1158,"date":"2021-12-20T14:37:10","date_gmt":"2021-12-20T19:37:10","guid":{"rendered":"https:\/\/amcgim.org\/application-process\/"},"modified":"2022-10-24T09:03:28","modified_gmt":"2022-10-24T13:03:28","slug":"application-process","status":"publish","type":"page","link":"https:\/\/amcgim.org\/en\/application-process\/","title":{"rendered":"Application process"},"content":{"rendered":"<p>[et_pb_section fb_built=&#8221;1&#8243; custom_padding_last_edited=&#8221;on|desktop&#8221; _builder_version=&#8221;4.16&#8243; _module_preset=&#8221;default&#8221; use_background_color_gradient=&#8221;on&#8221; background_color_gradient_direction=&#8221;90deg&#8221; background_color_gradient_stops=&#8221;#163c5e 0%|rgba(3,80,137,0.27) 100%&#8221; background_color_gradient_overlays_image=&#8221;on&#8221; background_color_gradient_start=&#8221;#163c5e&#8221; background_color_gradient_end=&#8221;rgba(3,80,137,0.27)&#8221; background_image=&#8221;https:\/\/amcgim.org\/wp-content\/uploads\/2021\/08\/processus-demande-amc-gaspesie.jpg&#8221; custom_padding=&#8221;10vh||10vh||true|false&#8221; custom_padding_tablet=&#8221;4vh||4vh||true|false&#8221; custom_padding_phone=&#8221;&#8221; global_colors_info=&#8221;{}&#8221;][et_pb_row module_class=&#8221;flex&#8221; _builder_version=&#8221;4.16&#8243; _module_preset=&#8221;default&#8221; width=&#8221;86vw&#8221; max_width=&#8221;86vw&#8221; global_colors_info=&#8221;{}&#8221;][et_pb_column type=&#8221;4_4&#8243; _builder_version=&#8221;4.16&#8243; _module_preset=&#8221;default&#8221; custom_css_main_element=&#8221;margin:auto 0;&#8221; global_colors_info=&#8221;{}&#8221;][et_pb_post_title meta=&#8221;off&#8221; featured_image=&#8221;off&#8221; _builder_version=&#8221;4.16&#8243; _module_preset=&#8221;default&#8221; title_font=&#8221;|700|||||||&#8221; title_text_color=&#8221;#FFFFFF&#8221; title_font_size=&#8221;80px&#8221; custom_margin=&#8221;||0px||false|false&#8221; custom_padding=&#8221;||0px||false|false&#8221; title_font_size_tablet=&#8221;50px&#8221; title_font_size_phone=&#8221;32px&#8221; title_font_size_last_edited=&#8221;on|phone&#8221; global_colors_info=&#8221;{}&#8221;][\/et_pb_post_title][et_pb_text _builder_version=&#8221;4.16&#8243; _module_preset=&#8221;default&#8221; header_text_color=&#8221;#ED6B17&#8243; header_font_size=&#8221;36px&#8221; background_layout=&#8221;dark&#8221; header_font_size_tablet=&#8221;26px&#8221; header_font_size_phone=&#8221;22px&#8221; header_font_size_last_edited=&#8221;on|phone&#8221; global_colors_info=&#8221;{}&#8221;]<\/p>\n<h1><strong>Starting a business<\/strong><\/h1>\n<p>[\/et_pb_text][\/et_pb_column][\/et_pb_row][\/et_pb_section][et_pb_section fb_built=&#8221;1&#8243; custom_padding_last_edited=&#8221;on|phone&#8221; _builder_version=&#8221;4.16&#8243; _module_preset=&#8221;default&#8221; background_color=&#8221;#FFFFFF&#8221; background_color_gradient_direction=&#8221;90deg&#8221; background_enable_image=&#8221;off&#8221; custom_padding=&#8221;4vh||4vh||true|false&#8221; custom_padding_tablet=&#8221;&#8221; custom_padding_phone=&#8221;2vh||2vh||true|false&#8221; global_colors_info=&#8221;{}&#8221;][et_pb_row column_structure=&#8221;1_3,2_3&#8243; use_custom_gutter=&#8221;on&#8221; _builder_version=&#8221;4.16&#8243; _module_preset=&#8221;default&#8221; width=&#8221;86vw&#8221; max_width=&#8221;86vw&#8221; global_colors_info=&#8221;{}&#8221;][et_pb_column type=&#8221;1_3&#8243; _builder_version=&#8221;4.16&#8243; _module_preset=&#8221;default&#8221; global_colors_info=&#8221;{}&#8221;][et_pb_text _builder_version=&#8221;4.16&#8243; _module_preset=&#8221;default&#8221; text_font=&#8221;||||||||&#8221; text_text_color=&#8221;#161F29&#8243; header_2_font=&#8221;|700|||||||&#8221; header_2_font_size=&#8221;35px&#8221; background_color=&#8221;RGBA(0,0,0,0)&#8221; text_orientation=&#8221;center&#8221; custom_padding=&#8221;0px||20px||false|true&#8221; scroll_horizontal_motion_enable=&#8221;on&#8221; scroll_horizontal_motion=&#8221;0|50|50|100|-1|0|0&#8243; border_color_all=&#8221;#FFFFFF&#8221; border_color_top=&#8221;#ED6B17&#8243; global_colors_info=&#8221;{}&#8221;]<img decoding=\"async\" class=\"wp-image-180 alignnone size-thumbnail\" src=\"https:\/\/amcgim.org\/wp-content\/uploads\/\/2021\/08\/idee-entrepreneur.svg\" alt=\"accompagnement\" width=\"140\" \/><\/p>\n<h2>The entrepreneur&#8217;s idea<\/h2>\n<p>[\/et_pb_text][\/et_pb_column][et_pb_column type=&#8221;2_3&#8243; _builder_version=&#8221;4.16&#8243; _module_preset=&#8221;default&#8221; global_colors_info=&#8221;{}&#8221;][et_pb_text _builder_version=&#8221;4.16&#8243; _module_preset=&#8221;default&#8221; header_2_font=&#8221;|700|||||||&#8221; header_2_text_color=&#8221;#035089&#8243; header_2_font_size=&#8221;28px&#8221; custom_margin=&#8221;||15px||false|false&#8221; header_2_font_size_tablet=&#8221;&#8221; header_2_font_size_phone=&#8221;25px&#8221; header_2_font_size_last_edited=&#8221;on|phone&#8221; global_colors_info=&#8221;{}&#8221;]<\/p>\n<h2>At this stage, we can discuss your project together.<\/h2>\n<p>Does it meet a need and is the project realistic? Do you have the personality of an entrepreneur, what are your strengths, your challenges and what are your motivations? What are your financial needs to live? How can you invest in your project? All these questions will help you decide whether or not to go into business.[\/et_pb_text][\/et_pb_column][\/et_pb_row][\/et_pb_section][et_pb_section fb_built=&#8221;1&#8243; custom_padding_last_edited=&#8221;on|phone&#8221; _builder_version=&#8221;4.16&#8243; _module_preset=&#8221;default&#8221; background_color=&#8221;rgba(220,211,207,0.45)&#8221; background_color_gradient_direction=&#8221;90deg&#8221; background_enable_image=&#8221;off&#8221; custom_padding=&#8221;4vh||4vh||true|false&#8221; custom_padding_tablet=&#8221;&#8221; custom_padding_phone=&#8221;2vh||2vh||true|false&#8221; global_colors_info=&#8221;{}&#8221;][et_pb_row column_structure=&#8221;1_3,2_3&#8243; use_custom_gutter=&#8221;on&#8221; _builder_version=&#8221;4.16&#8243; _module_preset=&#8221;default&#8221; width=&#8221;86vw&#8221; max_width=&#8221;86vw&#8221; global_colors_info=&#8221;{}&#8221;][et_pb_column type=&#8221;1_3&#8243; _builder_version=&#8221;4.16&#8243; _module_preset=&#8221;default&#8221; global_colors_info=&#8221;{}&#8221;][et_pb_text _builder_version=&#8221;4.16&#8243; _module_preset=&#8221;default&#8221; text_font=&#8221;||||||||&#8221; text_text_color=&#8221;#161F29&#8243; header_2_font=&#8221;|700|||||||&#8221; header_2_font_size=&#8221;35px&#8221; background_color=&#8221;RGBA(0,0,0,0)&#8221; text_orientation=&#8221;center&#8221; custom_padding=&#8221;0px||20px||false|true&#8221; scroll_horizontal_motion_enable=&#8221;on&#8221; scroll_horizontal_motion=&#8221;0|50|50|100|-1|0|0&#8243; border_color_all=&#8221;#FFFFFF&#8221; border_color_top=&#8221;#ED6B17&#8243; global_colors_info=&#8221;{}&#8221;]<img decoding=\"async\" class=\"wp-image-180 alignnone size-thumbnail\" src=\"https:\/\/amcgim.org\/wp-content\/uploads\/\/2021\/08\/plan-affaires.svg\" alt=\"accompagnement\" width=\"140\" \/><\/p>\n<h2>Business plans and financial planning<\/h2>\n<p>[\/et_pb_text][\/et_pb_column][et_pb_column type=&#8221;2_3&#8243; _builder_version=&#8221;4.16&#8243; _module_preset=&#8221;default&#8221; global_colors_info=&#8221;{}&#8221;][et_pb_text _builder_version=&#8221;4.16&#8243; _module_preset=&#8221;default&#8221; header_2_font=&#8221;|700|||||||&#8221; header_2_text_color=&#8221;#035089&#8243; header_2_font_size=&#8221;28px&#8221; custom_margin=&#8221;||15px||false|false&#8221; header_2_font_size_tablet=&#8221;&#8221; header_2_font_size_phone=&#8221;25px&#8221; header_2_font_size_last_edited=&#8221;on|phone&#8221; global_colors_info=&#8221;{}&#8221;]<\/p>\n<h2>Acc\u00e8s Microcr\u00e9dit Gasp\u00e9sie-\u00celes-de-la-Madeleine can support you in writing your business plan.<\/h2>\n<p>This is critical to the success of your project. It will allow investors to understand your business idea, but it will also allow you to better understand and put in place the important points you\u2019ll need to start with good management. The business plan goes hand in hand with the financial planning. As such, we look at your expenses and your revenue, in order to evaluate the viability of your project.[\/et_pb_text][\/et_pb_column][\/et_pb_row][\/et_pb_section][et_pb_section fb_built=&#8221;1&#8243; custom_padding_last_edited=&#8221;on|phone&#8221; _builder_version=&#8221;4.16&#8243; _module_preset=&#8221;default&#8221; background_color=&#8221;rgba(220,211,207,0.71)&#8221; background_color_gradient_direction=&#8221;90deg&#8221; background_enable_image=&#8221;off&#8221; custom_padding=&#8221;4vh||4vh||true|false&#8221; custom_padding_tablet=&#8221;&#8221; custom_padding_phone=&#8221;2vh||2vh||true|false&#8221; global_colors_info=&#8221;{}&#8221;][et_pb_row column_structure=&#8221;1_3,2_3&#8243; use_custom_gutter=&#8221;on&#8221; _builder_version=&#8221;4.16&#8243; _module_preset=&#8221;default&#8221; width=&#8221;86vw&#8221; max_width=&#8221;86vw&#8221; global_colors_info=&#8221;{}&#8221;][et_pb_column type=&#8221;1_3&#8243; _builder_version=&#8221;4.16&#8243; _module_preset=&#8221;default&#8221; global_colors_info=&#8221;{}&#8221;][et_pb_text _builder_version=&#8221;4.16&#8243; _module_preset=&#8221;default&#8221; text_font=&#8221;||||||||&#8221; text_text_color=&#8221;#161F29&#8243; header_2_font=&#8221;|700|||||||&#8221; header_2_font_size=&#8221;35px&#8221; background_color=&#8221;RGBA(0,0,0,0)&#8221; text_orientation=&#8221;center&#8221; custom_padding=&#8221;0px||20px||false|true&#8221; scroll_horizontal_motion_enable=&#8221;on&#8221; scroll_horizontal_motion=&#8221;0|50|50|100|-1|0|0&#8243; border_color_all=&#8221;#FFFFFF&#8221; border_color_top=&#8221;#ED6B17&#8243; global_colors_info=&#8221;{}&#8221;]<img decoding=\"async\" class=\"wp-image-180 alignnone size-thumbnail\" src=\"https:\/\/amcgim.org\/wp-content\/uploads\/\/2021\/08\/financement_1.svg\" alt=\"accompagnement\" width=\"120\" \/><\/p>\n<h2>Financing<\/h2>\n<p>[\/et_pb_text][\/et_pb_column][et_pb_column type=&#8221;2_3&#8243; _builder_version=&#8221;4.16&#8243; _module_preset=&#8221;default&#8221; global_colors_info=&#8221;{}&#8221;][et_pb_text _builder_version=&#8221;4.16&#8243; _module_preset=&#8221;default&#8221; header_2_font=&#8221;|700|||||||&#8221; header_2_text_color=&#8221;#035089&#8243; header_2_font_size=&#8221;28px&#8221; custom_margin=&#8221;||15px||false|false&#8221; header_2_font_size_tablet=&#8221;&#8221; header_2_font_size_phone=&#8221;25px&#8221; header_2_font_size_last_edited=&#8221;on|phone&#8221; global_colors_info=&#8221;{}&#8221;]<\/p>\n<h2>Once the business plan and financial planning are established, our advisors can evaluate the best financial partners.<\/h2>\n<p>If you need our contribution, your file will be evaluated by our coordinator-analyst who will carry out a credit score investigation. This is only one decision criteria among many others, because we put the human at the heart of the approach, the financing of projects is decided on a case-by-case basis.<\/p>\n<p>Once the file has been evaluated, the coordinator-analyst will decide whether or not to recommend the loan to the investment committee. During the meeting with the committee, you will present your project and the investment committee will make a recommendation to the board of directors who will validate the committee&#8217;s decision. It is not uncommon for the investment committee to grant the loan with recommendations to follow. A fee of $125 is payable when the loan is issued.[\/et_pb_text][\/et_pb_column][\/et_pb_row][\/et_pb_section][et_pb_section fb_built=&#8221;1&#8243; custom_padding_last_edited=&#8221;on|phone&#8221; _builder_version=&#8221;4.16&#8243; _module_preset=&#8221;default&#8221; background_color=&#8221;#FFFFFF&#8221; background_color_gradient_direction=&#8221;90deg&#8221; background_enable_image=&#8221;off&#8221; custom_padding=&#8221;4vh||4vh||true|false&#8221; custom_padding_tablet=&#8221;&#8221; custom_padding_phone=&#8221;2vh||2vh||true|false&#8221; global_colors_info=&#8221;{}&#8221;][et_pb_row column_structure=&#8221;1_3,2_3&#8243; use_custom_gutter=&#8221;on&#8221; _builder_version=&#8221;4.16&#8243; _module_preset=&#8221;default&#8221; width=&#8221;86vw&#8221; max_width=&#8221;86vw&#8221; global_colors_info=&#8221;{}&#8221;][et_pb_column type=&#8221;1_3&#8243; _builder_version=&#8221;4.16&#8243; _module_preset=&#8221;default&#8221; global_colors_info=&#8221;{}&#8221;][et_pb_text _builder_version=&#8221;4.16&#8243; _module_preset=&#8221;default&#8221; text_font=&#8221;||||||||&#8221; text_text_color=&#8221;#161F29&#8243; header_2_font=&#8221;|700|||||||&#8221; header_2_font_size=&#8221;35px&#8221; background_color=&#8221;RGBA(0,0,0,0)&#8221; text_orientation=&#8221;center&#8221; custom_padding=&#8221;0px||20px||false|true&#8221; scroll_horizontal_motion_enable=&#8221;on&#8221; scroll_horizontal_motion=&#8221;0|50|50|100|-1|0|0&#8243; border_color_all=&#8221;#FFFFFF&#8221; border_color_top=&#8221;#ED6B17&#8243; global_colors_info=&#8221;{}&#8221;]<img decoding=\"async\" class=\"wp-image-180 alignnone size-thumbnail\" src=\"https:\/\/amcgim.org\/wp-content\/uploads\/\/2021\/08\/suivi.svg\" alt=\"accompagnement\" width=\"140\" \/><\/p>\n<h2>Follow-up<\/h2>\n<p>[\/et_pb_text][\/et_pb_column][et_pb_column type=&#8221;2_3&#8243; _builder_version=&#8221;4.16&#8243; _module_preset=&#8221;default&#8221; global_colors_info=&#8221;{}&#8221;][et_pb_text _builder_version=&#8221;4.16&#8243; _module_preset=&#8221;default&#8221; header_2_font=&#8221;|700|||||||&#8221; header_2_text_color=&#8221;#035089&#8243; header_2_font_size=&#8221;28px&#8221; custom_margin=&#8221;||15px||false|false&#8221; header_2_font_size_tablet=&#8221;&#8221; header_2_font_size_phone=&#8221;25px&#8221; header_2_font_size_last_edited=&#8221;on|phone&#8221; global_colors_info=&#8221;{}&#8221;]<\/p>\n<h2>A regular follow-up will be carried out by your advisor in order to equip you in the early stages of your project.<\/h2>\n<p>The advisor is responsible for ensuring that the recommendations made by the investment committee are followed.<\/p>\n<p>[\/et_pb_text][\/et_pb_column][\/et_pb_row][\/et_pb_section]<\/p>\n","protected":false},"excerpt":{"rendered":"<p>Starting a business The entrepreneur&#8217;s ideaAt this stage, we can discuss your project together. Does it meet a need and is the project realistic? Do you have the personality of an entrepreneur, what are your strengths, your challenges and what are your motivations? What are your financial needs to live? How can you invest in [&hellip;]<\/p>\n","protected":false},"author":1,"featured_media":0,"parent":0,"menu_order":0,"comment_status":"closed","ping_status":"closed","template":"","meta":{"_et_pb_use_builder":"on","_et_pb_old_content":"","_et_gb_content_width":"","inline_featured_image":false,"footnotes":""},"class_list":["post-1158","page","type-page","status-publish","hentry"],"yoast_head":"<!-- This site is optimized with the Yoast SEO plugin v27.3 - https:\/\/yoast.com\/product\/yoast-seo-wordpress\/ -->\n<title>Application process - Acc\u00e8s Microcr\u00e9dit Gasp\u00e9sie-\u00celes-de-la-Madeleine<\/title>\n<meta name=\"robots\" content=\"index, follow, max-snippet:-1, max-image-preview:large, max-video-preview:-1\" \/>\n<link rel=\"canonical\" href=\"https:\/\/amcgim.org\/en\/application-process\/\" \/>\n<meta property=\"og:locale\" content=\"en_US\" \/>\n<meta property=\"og:type\" content=\"article\" \/>\n<meta property=\"og:title\" content=\"Application process - Acc\u00e8s Microcr\u00e9dit Gasp\u00e9sie-\u00celes-de-la-Madeleine\" \/>\n<meta property=\"og:description\" content=\"Starting a business The entrepreneur&#039;s ideaAt this stage, we can discuss your project together. Does it meet a need and is the project realistic? Do you have the personality of an entrepreneur, what are your strengths, your challenges and what are your motivations? What are your financial needs to live? How can you invest in [&hellip;]\" \/>\n<meta property=\"og:url\" content=\"https:\/\/amcgim.org\/en\/application-process\/\" \/>\n<meta property=\"og:site_name\" content=\"Acc\u00e8s Microcr\u00e9dit Gasp\u00e9sie-\u00celes-de-la-Madeleine\" \/>\n<meta property=\"article:publisher\" content=\"https:\/\/www.facebook.com\/AccesMicrocreditGIM\" \/>\n<meta property=\"article:modified_time\" content=\"2022-10-24T13:03:28+00:00\" \/>\n<meta property=\"og:image\" content=\"https:\/\/amcgim.org\/wp-content\/uploads\/\/2021\/08\/idee-entrepreneur.svg\" \/>\n<meta name=\"twitter:card\" content=\"summary_large_image\" \/>\n<meta name=\"twitter:label1\" content=\"Est. reading time\" \/>\n\t<meta name=\"twitter:data1\" content=\"7 minutes\" \/>\n<script type=\"application\/ld+json\" class=\"yoast-schema-graph\">{\"@context\":\"https:\\\/\\\/schema.org\",\"@graph\":[{\"@type\":\"WebPage\",\"@id\":\"https:\\\/\\\/amcgim.org\\\/en\\\/application-process\\\/\",\"url\":\"https:\\\/\\\/amcgim.org\\\/en\\\/application-process\\\/\",\"name\":\"Application process - Acc\u00e8s Microcr\u00e9dit Gasp\u00e9sie-\u00celes-de-la-Madeleine\",\"isPartOf\":{\"@id\":\"https:\\\/\\\/amcgim.org\\\/#website\"},\"primaryImageOfPage\":{\"@id\":\"https:\\\/\\\/amcgim.org\\\/en\\\/application-process\\\/#primaryimage\"},\"image\":{\"@id\":\"https:\\\/\\\/amcgim.org\\\/en\\\/application-process\\\/#primaryimage\"},\"thumbnailUrl\":\"https:\\\/\\\/amcgim.org\\\/wp-content\\\/uploads\\\/\\\/2021\\\/08\\\/idee-entrepreneur.svg\",\"datePublished\":\"2021-12-20T19:37:10+00:00\",\"dateModified\":\"2022-10-24T13:03:28+00:00\",\"breadcrumb\":{\"@id\":\"https:\\\/\\\/amcgim.org\\\/en\\\/application-process\\\/#breadcrumb\"},\"inLanguage\":\"en-US\",\"potentialAction\":[{\"@type\":\"ReadAction\",\"target\":[\"https:\\\/\\\/amcgim.org\\\/en\\\/application-process\\\/\"]}]},{\"@type\":\"ImageObject\",\"inLanguage\":\"en-US\",\"@id\":\"https:\\\/\\\/amcgim.org\\\/en\\\/application-process\\\/#primaryimage\",\"url\":\"https:\\\/\\\/amcgim.org\\\/wp-content\\\/uploads\\\/\\\/2021\\\/08\\\/idee-entrepreneur.svg\",\"contentUrl\":\"https:\\\/\\\/amcgim.org\\\/wp-content\\\/uploads\\\/\\\/2021\\\/08\\\/idee-entrepreneur.svg\"},{\"@type\":\"BreadcrumbList\",\"@id\":\"https:\\\/\\\/amcgim.org\\\/en\\\/application-process\\\/#breadcrumb\",\"itemListElement\":[{\"@type\":\"ListItem\",\"position\":1,\"name\":\"Home\",\"item\":\"https:\\\/\\\/amcgim.org\\\/en\\\/\"},{\"@type\":\"ListItem\",\"position\":2,\"name\":\"Application process\"}]},{\"@type\":\"WebSite\",\"@id\":\"https:\\\/\\\/amcgim.org\\\/#website\",\"url\":\"https:\\\/\\\/amcgim.org\\\/\",\"name\":\"Acc\u00e8s Microcr\u00e9dit Gasp\u00e9sie-\u00celes-de-la-Madeleine\",\"description\":\"Pour donner \u00e0 tous les moyens de se lancer en affaires!\",\"publisher\":{\"@id\":\"https:\\\/\\\/amcgim.org\\\/#organization\"},\"potentialAction\":[{\"@type\":\"SearchAction\",\"target\":{\"@type\":\"EntryPoint\",\"urlTemplate\":\"https:\\\/\\\/amcgim.org\\\/?s={search_term_string}\"},\"query-input\":{\"@type\":\"PropertyValueSpecification\",\"valueRequired\":true,\"valueName\":\"search_term_string\"}}],\"inLanguage\":\"en-US\"},{\"@type\":\"Organization\",\"@id\":\"https:\\\/\\\/amcgim.org\\\/#organization\",\"name\":\"Acc\u00e8s Micro-Cr\u00e9dit Gasp\u00e9sie-\u00celes-de-la-Madeleine\",\"alternateName\":\"AMCGIM\",\"url\":\"https:\\\/\\\/amcgim.org\\\/\",\"logo\":{\"@type\":\"ImageObject\",\"inLanguage\":\"en-US\",\"@id\":\"https:\\\/\\\/amcgim.org\\\/#\\\/schema\\\/logo\\\/image\\\/\",\"url\":\"https:\\\/\\\/amcgim.org\\\/wp-content\\\/uploads\\\/2023\\\/03\\\/AMC_Logo_CarreV2_Couleur.png\",\"contentUrl\":\"https:\\\/\\\/amcgim.org\\\/wp-content\\\/uploads\\\/2023\\\/03\\\/AMC_Logo_CarreV2_Couleur.png\",\"width\":980,\"height\":838,\"caption\":\"Acc\u00e8s Micro-Cr\u00e9dit Gasp\u00e9sie-\u00celes-de-la-Madeleine\"},\"image\":{\"@id\":\"https:\\\/\\\/amcgim.org\\\/#\\\/schema\\\/logo\\\/image\\\/\"},\"sameAs\":[\"https:\\\/\\\/www.facebook.com\\\/AccesMicrocreditGIM\",\"https:\\\/\\\/www.instagram.com\\\/amcgaspesie\\\/\",\"https:\\\/\\\/www.linkedin.com\\\/company\\\/acces-microcredit-gaspesie-iles\\\/\"]}]}<\/script>\n<!-- \/ Yoast SEO plugin. -->","yoast_head_json":{"title":"Application process - Acc\u00e8s Microcr\u00e9dit Gasp\u00e9sie-\u00celes-de-la-Madeleine","robots":{"index":"index","follow":"follow","max-snippet":"max-snippet:-1","max-image-preview":"max-image-preview:large","max-video-preview":"max-video-preview:-1"},"canonical":"https:\/\/amcgim.org\/en\/application-process\/","og_locale":"en_US","og_type":"article","og_title":"Application process - Acc\u00e8s Microcr\u00e9dit Gasp\u00e9sie-\u00celes-de-la-Madeleine","og_description":"Starting a business The entrepreneur's ideaAt this stage, we can discuss your project together. Does it meet a need and is the project realistic? Do you have the personality of an entrepreneur, what are your strengths, your challenges and what are your motivations? What are your financial needs to live? How can you invest in [&hellip;]","og_url":"https:\/\/amcgim.org\/en\/application-process\/","og_site_name":"Acc\u00e8s Microcr\u00e9dit Gasp\u00e9sie-\u00celes-de-la-Madeleine","article_publisher":"https:\/\/www.facebook.com\/AccesMicrocreditGIM","article_modified_time":"2022-10-24T13:03:28+00:00","og_image":[{"url":"https:\/\/amcgim.org\/wp-content\/uploads\/\/2021\/08\/idee-entrepreneur.svg","type":"","width":"","height":""}],"twitter_card":"summary_large_image","twitter_misc":{"Est. reading time":"7 minutes"},"schema":{"@context":"https:\/\/schema.org","@graph":[{"@type":"WebPage","@id":"https:\/\/amcgim.org\/en\/application-process\/","url":"https:\/\/amcgim.org\/en\/application-process\/","name":"Application process - Acc\u00e8s Microcr\u00e9dit Gasp\u00e9sie-\u00celes-de-la-Madeleine","isPartOf":{"@id":"https:\/\/amcgim.org\/#website"},"primaryImageOfPage":{"@id":"https:\/\/amcgim.org\/en\/application-process\/#primaryimage"},"image":{"@id":"https:\/\/amcgim.org\/en\/application-process\/#primaryimage"},"thumbnailUrl":"https:\/\/amcgim.org\/wp-content\/uploads\/\/2021\/08\/idee-entrepreneur.svg","datePublished":"2021-12-20T19:37:10+00:00","dateModified":"2022-10-24T13:03:28+00:00","breadcrumb":{"@id":"https:\/\/amcgim.org\/en\/application-process\/#breadcrumb"},"inLanguage":"en-US","potentialAction":[{"@type":"ReadAction","target":["https:\/\/amcgim.org\/en\/application-process\/"]}]},{"@type":"ImageObject","inLanguage":"en-US","@id":"https:\/\/amcgim.org\/en\/application-process\/#primaryimage","url":"https:\/\/amcgim.org\/wp-content\/uploads\/\/2021\/08\/idee-entrepreneur.svg","contentUrl":"https:\/\/amcgim.org\/wp-content\/uploads\/\/2021\/08\/idee-entrepreneur.svg"},{"@type":"BreadcrumbList","@id":"https:\/\/amcgim.org\/en\/application-process\/#breadcrumb","itemListElement":[{"@type":"ListItem","position":1,"name":"Home","item":"https:\/\/amcgim.org\/en\/"},{"@type":"ListItem","position":2,"name":"Application process"}]},{"@type":"WebSite","@id":"https:\/\/amcgim.org\/#website","url":"https:\/\/amcgim.org\/","name":"Acc\u00e8s Microcr\u00e9dit Gasp\u00e9sie-\u00celes-de-la-Madeleine","description":"Pour donner \u00e0 tous les moyens de se lancer en affaires!","publisher":{"@id":"https:\/\/amcgim.org\/#organization"},"potentialAction":[{"@type":"SearchAction","target":{"@type":"EntryPoint","urlTemplate":"https:\/\/amcgim.org\/?s={search_term_string}"},"query-input":{"@type":"PropertyValueSpecification","valueRequired":true,"valueName":"search_term_string"}}],"inLanguage":"en-US"},{"@type":"Organization","@id":"https:\/\/amcgim.org\/#organization","name":"Acc\u00e8s Micro-Cr\u00e9dit Gasp\u00e9sie-\u00celes-de-la-Madeleine","alternateName":"AMCGIM","url":"https:\/\/amcgim.org\/","logo":{"@type":"ImageObject","inLanguage":"en-US","@id":"https:\/\/amcgim.org\/#\/schema\/logo\/image\/","url":"https:\/\/amcgim.org\/wp-content\/uploads\/2023\/03\/AMC_Logo_CarreV2_Couleur.png","contentUrl":"https:\/\/amcgim.org\/wp-content\/uploads\/2023\/03\/AMC_Logo_CarreV2_Couleur.png","width":980,"height":838,"caption":"Acc\u00e8s Micro-Cr\u00e9dit Gasp\u00e9sie-\u00celes-de-la-Madeleine"},"image":{"@id":"https:\/\/amcgim.org\/#\/schema\/logo\/image\/"},"sameAs":["https:\/\/www.facebook.com\/AccesMicrocreditGIM","https:\/\/www.instagram.com\/amcgaspesie\/","https:\/\/www.linkedin.com\/company\/acces-microcredit-gaspesie-iles\/"]}]}},"_links":{"self":[{"href":"https:\/\/amcgim.org\/en\/wp-json\/wp\/v2\/pages\/1158","targetHints":{"allow":["GET"]}}],"collection":[{"href":"https:\/\/amcgim.org\/en\/wp-json\/wp\/v2\/pages"}],"about":[{"href":"https:\/\/amcgim.org\/en\/wp-json\/wp\/v2\/types\/page"}],"author":[{"embeddable":true,"href":"https:\/\/amcgim.org\/en\/wp-json\/wp\/v2\/users\/1"}],"replies":[{"embeddable":true,"href":"https:\/\/amcgim.org\/en\/wp-json\/wp\/v2\/comments?post=1158"}],"version-history":[{"count":11,"href":"https:\/\/amcgim.org\/en\/wp-json\/wp\/v2\/pages\/1158\/revisions"}],"predecessor-version":[{"id":2025,"href":"https:\/\/amcgim.org\/en\/wp-json\/wp\/v2\/pages\/1158\/revisions\/2025"}],"wp:attachment":[{"href":"https:\/\/amcgim.org\/en\/wp-json\/wp\/v2\/media?parent=1158"}],"curies":[{"name":"wp","href":"https:\/\/api.w.org\/{rel}","templated":true}]}}