{"id":1779,"date":"2022-10-04T15:14:48","date_gmt":"2022-10-04T19:14:48","guid":{"rendered":"https:\/\/amcgim.org\/contributing\/"},"modified":"2025-07-10T08:53:57","modified_gmt":"2025-07-10T12:53:57","slug":"contributing","status":"publish","type":"page","link":"https:\/\/amcgim.org\/en\/contributing\/","title":{"rendered":"Contributing"},"content":{"rendered":"<p>[et_pb_section fb_built=&#8221;1&#8243; custom_padding_last_edited=&#8221;on|desktop&#8221; _builder_version=&#8221;4.16&#8243; _module_preset=&#8221;default&#8221; use_background_color_gradient=&#8221;on&#8221; background_color_gradient_direction=&#8221;90deg&#8221; background_color_gradient_stops=&#8221;#163c5e 0%|rgba(3,80,137,0.27) 100%&#8221; background_color_gradient_overlays_image=&#8221;on&#8221; background_color_gradient_start=&#8221;#163c5e&#8221; background_color_gradient_end=&#8221;rgba(3,80,137,0.27)&#8221; background_image=&#8221;https:\/\/amcgim.org\/wp-content\/uploads\/2021\/08\/contribuer-amc-gaspesie-3.jpg&#8221; custom_padding=&#8221;10vh||10vh||true|false&#8221; custom_padding_tablet=&#8221;4vh||4vh||true|false&#8221; custom_padding_phone=&#8221;&#8221; global_colors_info=&#8221;{}&#8221;][et_pb_row module_class=&#8221;flex&#8221; _builder_version=&#8221;4.16&#8243; _module_preset=&#8221;default&#8221; width=&#8221;86vw&#8221; max_width=&#8221;86vw&#8221; global_colors_info=&#8221;{}&#8221;][et_pb_column type=&#8221;4_4&#8243; _builder_version=&#8221;4.16&#8243; _module_preset=&#8221;default&#8221; custom_css_main_element=&#8221;margin:auto 0;&#8221; global_colors_info=&#8221;{}&#8221;][et_pb_post_title meta=&#8221;off&#8221; featured_image=&#8221;off&#8221; _builder_version=&#8221;4.16&#8243; _module_preset=&#8221;default&#8221; title_font=&#8221;|700|||||||&#8221; title_text_color=&#8221;#FFFFFF&#8221; title_font_size=&#8221;80px&#8221; custom_margin=&#8221;||0px||false|false&#8221; custom_padding=&#8221;||0px||false|false&#8221; title_font_size_tablet=&#8221;50px&#8221; title_font_size_phone=&#8221;40px&#8221; title_font_size_last_edited=&#8221;on|phone&#8221; global_colors_info=&#8221;{}&#8221;][\/et_pb_post_title][et_pb_text disabled_on=&#8221;on|on|on&#8221; _builder_version=&#8221;4.16&#8243; _module_preset=&#8221;default&#8221; header_text_color=&#8221;#ED6B17&#8243; header_font_size=&#8221;36px&#8221; background_layout=&#8221;dark&#8221; header_font_size_tablet=&#8221;26px&#8221; header_font_size_phone=&#8221;22px&#8221; header_font_size_last_edited=&#8221;on|phone&#8221; disabled=&#8221;on&#8221; global_colors_info=&#8221;{}&#8221;]<\/p>\n<h1><strong>About Us<\/strong><\/h1>\n<p>[\/et_pb_text][\/et_pb_column][\/et_pb_row][\/et_pb_section][et_pb_section fb_built=&#8221;1&#8243; custom_padding_last_edited=&#8221;on|phone&#8221; _builder_version=&#8221;4.16&#8243; _module_preset=&#8221;default&#8221; background_color=&#8221;#FFFFFF&#8221; custom_padding=&#8221;6vh||6vh||true|false&#8221; custom_padding_tablet=&#8221;&#8221; custom_padding_phone=&#8221;2vh||2vh||true|false&#8221; global_colors_info=&#8221;{}&#8221;][et_pb_row column_structure=&#8221;1_3,2_3&#8243; _builder_version=&#8221;4.16&#8243; _module_preset=&#8221;default&#8221; width=&#8221;86vw&#8221; max_width=&#8221;86vw&#8221; global_colors_info=&#8221;{}&#8221;][et_pb_column type=&#8221;1_3&#8243; _builder_version=&#8221;4.16&#8243; _module_preset=&#8221;default&#8221; global_colors_info=&#8221;{}&#8221;][et_pb_text _builder_version=&#8221;4.16&#8243; _module_preset=&#8221;default&#8221; header_font=&#8221;|700|||||||&#8221; header_2_font=&#8221;|700|||||||&#8221; header_2_font_size=&#8221;40px&#8221; scroll_horizontal_motion_enable=&#8221;on&#8221; scroll_horizontal_motion=&#8221;0|50|50|100|-1|0|0&#8243; scroll_rotating=&#8221;0|50|50|100|10\u00b0|0|0\u00b0&#8221; header_2_font_size_tablet=&#8221;35px&#8221; header_2_font_size_phone=&#8221;30px&#8221; header_2_font_size_last_edited=&#8221;on|tablet&#8221; global_colors_info=&#8221;{}&#8221;]<\/p>\n<h2>Our investors play an important role in the region&#8217;s entrepreneurial success.<\/h2>\n<p>[\/et_pb_text][\/et_pb_column][et_pb_column type=&#8221;2_3&#8243; _builder_version=&#8221;4.16&#8243; _module_preset=&#8221;default&#8221; global_colors_info=&#8221;{}&#8221;][et_pb_text _builder_version=&#8221;4.16&#8243; _module_preset=&#8221;default&#8221; custom_margin=&#8221;||30px||false|false&#8221; global_colors_info=&#8221;{}&#8221;]<\/p>\n<p>Indeed, &#8220;the community lending to the community&#8221; is one of the fundamental principles of d\u2019Acc\u00e8s Microcr\u00e9dit Gasp\u00e9sie-\u00celes-de-la-Madeleine. To do this, our organization offers you a way to invest that allows you to get involved in your region. As a result, you promote local and regional economic development. You also allow people who do not have access to conventional networks and who have a business project, to have access to capital. To be accepted, these projects must be viable, sustainable, create jobs and generate economic activity.<\/p>\n<p>Making a donation or loan supports the economy and entrepreneurship of the region where the community lends to the community. In addition, the interest paid by the entrepreneurs is reinvested in the capital to be loaned, which in turn allows the financing of future promoters.<\/p>\n<p>[\/et_pb_text][et_pb_text _builder_version=&#8221;4.16&#8243; _module_preset=&#8221;default&#8221; header_3_text_color=&#8221;#035089&#8243; header_3_font_size=&#8221;35px&#8221; custom_margin=&#8221;||10px||false|false&#8221; header_3_font_size_tablet=&#8221;30px&#8221; header_3_font_size_phone=&#8221;25px&#8221; header_3_font_size_last_edited=&#8221;on|tablet&#8221; global_colors_info=&#8221;{}&#8221;]<\/p>\n<h3>How is it done?<\/h3>\n<p>[\/et_pb_text][et_pb_text _builder_version=&#8221;4.16&#8243; _module_preset=&#8221;default&#8221; background_color=&#8221;#F3E9E9&#8243; custom_margin=&#8221;||10px||false|false&#8221; custom_padding=&#8221;30px|40px|30px|40px|true|true&#8221; global_colors_info=&#8221;{}&#8221;]<\/p>\n<p><strong>With a loan<\/strong> : between 1 and 2% interest rate.<\/p>\n<p>[\/et_pb_text][et_pb_text _builder_version=&#8221;4.16&#8243; _module_preset=&#8221;default&#8221; background_color=&#8221;#F3E9E9&#8243; custom_padding=&#8221;30px|40px|30px|40px|true|true&#8221; global_colors_info=&#8221;{}&#8221;]<\/p>\n<p><strong>With a donation <\/strong>:donation with a receipt for tax credit.<\/p>\n<p>[\/et_pb_text][et_pb_text _builder_version=&#8221;4.16&#8243; _module_preset=&#8221;default&#8221; header_3_text_color=&#8221;#035089&#8243; header_3_font_size=&#8221;35px&#8221; custom_margin=&#8221;||10px||false|false&#8221; header_3_font_size_tablet=&#8221;30px&#8221; header_3_font_size_phone=&#8221;25px&#8221; header_3_font_size_last_edited=&#8221;on|tablet&#8221; global_colors_info=&#8221;{}&#8221;]<\/p>\n<h3>Supporting AMCG\u00ceM means:<\/h3>\n<p>[\/et_pb_text][et_pb_text _builder_version=&#8221;4.16&#8243; _module_preset=&#8221;default&#8221; background_color=&#8221;#F3E9E9&#8243; custom_padding=&#8221;30px|40px|20px|40px|false|true&#8221; global_colors_info=&#8221;{}&#8221;]<\/p>\n<ul>\n<li>Participating in the social and economic development of Gasp\u00e9sie and the \u00celes-de-la-Madeleine;<\/li>\n<li>Investing in the local economy;<\/li>\n<li>Enabling people who may not have the means to start a business;<\/li>\n<li>Participating in the region&#8217;s dynamism;<\/li>\n<li>Giving back to the next person.<\/li>\n<\/ul>\n<p>[\/et_pb_text][\/et_pb_column][\/et_pb_row][\/et_pb_section][et_pb_section fb_built=&#8221;1&#8243; _builder_version=&#8221;4.16&#8243; _module_preset=&#8221;default&#8221; background_color=&#8221;#035089&#8243; use_background_color_gradient=&#8221;on&#8221; background_color_gradient_direction=&#8221;90deg&#8221; background_color_gradient_stops=&#8221;#163c5e 0%|#035089 100%&#8221; background_color_gradient_start=&#8221;#163c5e&#8221; background_color_gradient_end=&#8221;#035089&#8243; custom_padding=&#8221;4vh||4vh||true|false&#8221; background_color_gradient_stops_tablet=&#8221;#163c5e 0%|#035089 100%&#8221; background_color_gradient_stops_phone=&#8221;#163c5e 0%|#035089 100%&#8221; saved_tabs=&#8221;all&#8221; global_colors_info=&#8221;{}&#8221;][et_pb_row column_structure=&#8221;1_4,1_4,1_4,1_4&#8243; _builder_version=&#8221;4.16&#8243; _module_preset=&#8221;default&#8221; width_tablet=&#8221;90%&#8221; width_phone=&#8221;&#8221; width_last_edited=&#8221;on|tablet&#8221; max_width_tablet=&#8221;&#8221; max_width_phone=&#8221;&#8221; max_width_last_edited=&#8221;on|tablet&#8221; global_colors_info=&#8221;{}&#8221;][et_pb_column type=&#8221;1_4&#8243; _builder_version=&#8221;4.16&#8243; _module_preset=&#8221;default&#8221; global_colors_info=&#8221;{}&#8221;][et_pb_number_counter title=&#8221;Loans issued &#8221; number=&#8221;206&#8243; percent_sign=&#8221;off&#8221; _builder_version=&#8221;4.27.4&#8243; _module_preset=&#8221;default&#8221; title_text_color=&#8221;#FFFFFF&#8221; title_font_size=&#8221;25px&#8221; number_font_size=&#8221;50px&#8221; title_font_size_tablet=&#8221;22px&#8221; title_font_size_phone=&#8221;&#8221; title_font_size_last_edited=&#8221;on|tablet&#8221; number_font_size_tablet=&#8221;50px&#8221; number_font_size_phone=&#8221;&#8221; number_font_size_last_edited=&#8221;on|tablet&#8221; global_colors_info=&#8221;{}&#8221;][\/et_pb_number_counter][\/et_pb_column][et_pb_column type=&#8221;1_4&#8243; _builder_version=&#8221;4.16&#8243; _module_preset=&#8221;default&#8221; global_colors_info=&#8221;{}&#8221;][et_pb_number_counter title=&#8221;Granted in loans ($)&#8221; number=&#8221;1 674 414 $&#8221; percent_sign=&#8221;off&#8221; _builder_version=&#8221;4.27.4&#8243; _module_preset=&#8221;default&#8221; title_text_color=&#8221;#FFFFFF&#8221; title_font_size=&#8221;25px&#8221; number_font_size=&#8221;45px&#8221; hover_enabled=&#8221;0&#8243; title_font_size_tablet=&#8221;22px&#8221; title_font_size_phone=&#8221;&#8221; title_font_size_last_edited=&#8221;on|tablet&#8221; number_font_size_tablet=&#8221;50px&#8221; number_font_size_phone=&#8221;&#8221; number_font_size_last_edited=&#8221;on|tablet&#8221; global_colors_info=&#8221;{}&#8221; sticky_enabled=&#8221;0&#8243;][\/et_pb_number_counter][\/et_pb_column][et_pb_column type=&#8221;1_4&#8243; _builder_version=&#8221;4.16&#8243; _module_preset=&#8221;default&#8221; global_colors_info=&#8221;{}&#8221;][et_pb_number_counter title=&#8221;Jobs granted and maintained &#8221; number=&#8221;751&#8243; percent_sign=&#8221;off&#8221; _builder_version=&#8221;4.27.4&#8243; _module_preset=&#8221;default&#8221; title_text_color=&#8221;#FFFFFF&#8221; title_font_size=&#8221;25px&#8221; number_font_size=&#8221;50px&#8221; title_font_size_tablet=&#8221;22px&#8221; title_font_size_phone=&#8221;&#8221; title_font_size_last_edited=&#8221;on|tablet&#8221; number_font_size_tablet=&#8221;50px&#8221; number_font_size_phone=&#8221;&#8221; number_font_size_last_edited=&#8221;on|tablet&#8221; global_colors_info=&#8221;{}&#8221;][\/et_pb_number_counter][\/et_pb_column][et_pb_column type=&#8221;1_4&#8243; _builder_version=&#8221;4.16&#8243; _module_preset=&#8221;default&#8221; global_colors_info=&#8221;{}&#8221;][et_pb_number_counter title=&#8221;accompanied entrepreneurs&#8221; number=&#8221;742&#8243; percent_sign=&#8221;off&#8221; _builder_version=&#8221;4.27.4&#8243; _module_preset=&#8221;default&#8221; title_text_color=&#8221;#FFFFFF&#8221; title_font_size=&#8221;25px&#8221; number_font_size=&#8221;50px&#8221; title_font_size_tablet=&#8221;22px&#8221; title_font_size_phone=&#8221;&#8221; title_font_size_last_edited=&#8221;on|tablet&#8221; number_font_size_tablet=&#8221;50px&#8221; number_font_size_phone=&#8221;&#8221; number_font_size_last_edited=&#8221;on|tablet&#8221; global_colors_info=&#8221;{}&#8221;][\/et_pb_number_counter][\/et_pb_column][\/et_pb_row][\/et_pb_section][et_pb_section fb_built=&#8221;1&#8243; custom_padding_last_edited=&#8221;on|phone&#8221; _builder_version=&#8221;4.16&#8243; _module_preset=&#8221;default&#8221; background_color=&#8221;#FFFFFF&#8221; custom_padding_tablet=&#8221;4vh||4vh||true|false&#8221; custom_padding_phone=&#8221;2vh||2vh||true|false&#8221; global_colors_info=&#8221;{}&#8221;][et_pb_row custom_padding_last_edited=&#8221;on|phone&#8221; _builder_version=&#8221;4.16&#8243; _module_preset=&#8221;default&#8221; width=&#8221;86vw&#8221; max_width=&#8221;86vw&#8221; custom_padding_tablet=&#8221;&#8221; custom_padding_phone=&#8221;&#8221; global_colors_info=&#8221;{}&#8221;][et_pb_column type=&#8221;4_4&#8243; _builder_version=&#8221;4.16&#8243; _module_preset=&#8221;default&#8221; global_colors_info=&#8221;{}&#8221;][et_pb_button button_url=&#8221;@ET-DC@eyJkeW5hbWljIjp0cnVlLCJjb250ZW50IjoicG9zdF9saW5rX3VybF9wYWdlIiwic2V0dGluZ3MiOnsicG9zdF9pZCI6Ijg0NCJ9fQ==@&#8221; button_text=&#8221;I contribute to the development of my community!&#8221; button_alignment=&#8221;center&#8221; _builder_version=&#8221;4.18.0&#8243; _dynamic_attributes=&#8221;button_url&#8221; custom_button=&#8221;on&#8221; button_text_size=&#8221;15px&#8221; button_text_color=&#8221;#FFFFFF&#8221; button_bg_color=&#8221;#ED6B17&#8243; button_border_color=&#8221;#ED6B17&#8243; button_border_radius=&#8221;0px&#8221; button_letter_spacing=&#8221;2px&#8221; button_font=&#8221;|700||on|||||&#8221; button_icon=&#8221;&#x24;||divi||400&#8243; z_index=&#8221;500&#8243; custom_margin=&#8221;||||false|false&#8221; custom_margin_tablet=&#8221;30px||50px||false|false&#8221; custom_margin_phone=&#8221;&#8221; custom_margin_last_edited=&#8221;on|tablet&#8221; custom_padding=&#8221;15px|40px|15px|40px|true|true&#8221; animation_style=&#8221;slide&#8221; animation_direction=&#8221;left&#8221; animation_duration=&#8221;800ms&#8221; animation_intensity_slide=&#8221;4%&#8221; scroll_vertical_motion=&#8221;0|50|50|100|-1|0|0&#8243; motion_trigger_start=&#8221;top&#8221; locked=&#8221;off&#8221; global_colors_info=&#8221;{}&#8221;][\/et_pb_button][\/et_pb_column][\/et_pb_row][\/et_pb_section]<\/p>\n","protected":false},"excerpt":{"rendered":"<p>About UsOur investors play an important role in the region&#8217;s entrepreneurial success.Indeed, &#8220;the community lending to the community&#8221; is one of the fundamental principles of d\u2019Acc\u00e8s Microcr\u00e9dit Gasp\u00e9sie-\u00celes-de-la-Madeleine. To do this, our organization offers you a way to invest that allows you to get involved in your region. As a result, you promote local and [&hellip;]<\/p>\n","protected":false},"author":1,"featured_media":0,"parent":0,"menu_order":0,"comment_status":"closed","ping_status":"closed","template":"","meta":{"_et_pb_use_builder":"on","_et_pb_old_content":"","_et_gb_content_width":"","inline_featured_image":false,"footnotes":""},"class_list":["post-1779","page","type-page","status-publish","hentry"],"yoast_head":"<!-- This site is optimized with the Yoast SEO plugin v27.4 - https:\/\/yoast.com\/product\/yoast-seo-wordpress\/ -->\n<title>Contributing - Acc\u00e8s Microcr\u00e9dit Gasp\u00e9sie-\u00celes-de-la-Madeleine<\/title>\n<meta name=\"robots\" content=\"index, follow, max-snippet:-1, max-image-preview:large, max-video-preview:-1\" \/>\n<link rel=\"canonical\" href=\"https:\/\/amcgim.org\/en\/contributing\/\" \/>\n<meta property=\"og:locale\" content=\"en_US\" \/>\n<meta property=\"og:type\" content=\"article\" \/>\n<meta property=\"og:title\" content=\"Contributing - Acc\u00e8s Microcr\u00e9dit Gasp\u00e9sie-\u00celes-de-la-Madeleine\" \/>\n<meta property=\"og:description\" content=\"About UsOur investors play an important role in the region&#039;s entrepreneurial success.Indeed, &quot;the community lending to the community&quot; is one of the fundamental principles of d\u2019Acc\u00e8s Microcr\u00e9dit Gasp\u00e9sie-\u00celes-de-la-Madeleine. To do this, our organization offers you a way to invest that allows you to get involved in your region. As a result, you promote local and [&hellip;]\" \/>\n<meta property=\"og:url\" content=\"https:\/\/amcgim.org\/en\/contributing\/\" \/>\n<meta property=\"og:site_name\" content=\"Acc\u00e8s Microcr\u00e9dit Gasp\u00e9sie-\u00celes-de-la-Madeleine\" \/>\n<meta property=\"article:publisher\" content=\"https:\/\/www.facebook.com\/AccesMicrocreditGIM\" \/>\n<meta property=\"article:modified_time\" content=\"2025-07-10T12:53:57+00:00\" \/>\n<meta name=\"twitter:card\" content=\"summary_large_image\" \/>\n<meta name=\"twitter:label1\" content=\"Est. reading time\" \/>\n\t<meta name=\"twitter:data1\" content=\"7 minutes\" \/>\n<script type=\"application\/ld+json\" class=\"yoast-schema-graph\">{\"@context\":\"https:\\\/\\\/schema.org\",\"@graph\":[{\"@type\":\"WebPage\",\"@id\":\"https:\\\/\\\/amcgim.org\\\/en\\\/contributing\\\/\",\"url\":\"https:\\\/\\\/amcgim.org\\\/en\\\/contributing\\\/\",\"name\":\"Contributing - Acc\u00e8s Microcr\u00e9dit Gasp\u00e9sie-\u00celes-de-la-Madeleine\",\"isPartOf\":{\"@id\":\"https:\\\/\\\/amcgim.org\\\/#website\"},\"datePublished\":\"2022-10-04T19:14:48+00:00\",\"dateModified\":\"2025-07-10T12:53:57+00:00\",\"breadcrumb\":{\"@id\":\"https:\\\/\\\/amcgim.org\\\/en\\\/contributing\\\/#breadcrumb\"},\"inLanguage\":\"en-US\",\"potentialAction\":[{\"@type\":\"ReadAction\",\"target\":[\"https:\\\/\\\/amcgim.org\\\/en\\\/contributing\\\/\"]}]},{\"@type\":\"BreadcrumbList\",\"@id\":\"https:\\\/\\\/amcgim.org\\\/en\\\/contributing\\\/#breadcrumb\",\"itemListElement\":[{\"@type\":\"ListItem\",\"position\":1,\"name\":\"Home\",\"item\":\"https:\\\/\\\/amcgim.org\\\/en\\\/\"},{\"@type\":\"ListItem\",\"position\":2,\"name\":\"Contributing\"}]},{\"@type\":\"WebSite\",\"@id\":\"https:\\\/\\\/amcgim.org\\\/#website\",\"url\":\"https:\\\/\\\/amcgim.org\\\/\",\"name\":\"Acc\u00e8s Microcr\u00e9dit Gasp\u00e9sie-\u00celes-de-la-Madeleine\",\"description\":\"Pour donner \u00e0 tous les moyens de se lancer en affaires!\",\"publisher\":{\"@id\":\"https:\\\/\\\/amcgim.org\\\/#organization\"},\"potentialAction\":[{\"@type\":\"SearchAction\",\"target\":{\"@type\":\"EntryPoint\",\"urlTemplate\":\"https:\\\/\\\/amcgim.org\\\/?s={search_term_string}\"},\"query-input\":{\"@type\":\"PropertyValueSpecification\",\"valueRequired\":true,\"valueName\":\"search_term_string\"}}],\"inLanguage\":\"en-US\"},{\"@type\":\"Organization\",\"@id\":\"https:\\\/\\\/amcgim.org\\\/#organization\",\"name\":\"Acc\u00e8s Micro-Cr\u00e9dit Gasp\u00e9sie-\u00celes-de-la-Madeleine\",\"alternateName\":\"AMCGIM\",\"url\":\"https:\\\/\\\/amcgim.org\\\/\",\"logo\":{\"@type\":\"ImageObject\",\"inLanguage\":\"en-US\",\"@id\":\"https:\\\/\\\/amcgim.org\\\/#\\\/schema\\\/logo\\\/image\\\/\",\"url\":\"https:\\\/\\\/amcgim.org\\\/wp-content\\\/uploads\\\/2023\\\/03\\\/AMC_Logo_CarreV2_Couleur.png\",\"contentUrl\":\"https:\\\/\\\/amcgim.org\\\/wp-content\\\/uploads\\\/2023\\\/03\\\/AMC_Logo_CarreV2_Couleur.png\",\"width\":980,\"height\":838,\"caption\":\"Acc\u00e8s Micro-Cr\u00e9dit Gasp\u00e9sie-\u00celes-de-la-Madeleine\"},\"image\":{\"@id\":\"https:\\\/\\\/amcgim.org\\\/#\\\/schema\\\/logo\\\/image\\\/\"},\"sameAs\":[\"https:\\\/\\\/www.facebook.com\\\/AccesMicrocreditGIM\",\"https:\\\/\\\/www.instagram.com\\\/amcgaspesie\\\/\",\"https:\\\/\\\/www.linkedin.com\\\/company\\\/acces-microcredit-gaspesie-iles\\\/\"]}]}<\/script>\n<!-- \/ Yoast SEO plugin. -->","yoast_head_json":{"title":"Contributing - Acc\u00e8s Microcr\u00e9dit Gasp\u00e9sie-\u00celes-de-la-Madeleine","robots":{"index":"index","follow":"follow","max-snippet":"max-snippet:-1","max-image-preview":"max-image-preview:large","max-video-preview":"max-video-preview:-1"},"canonical":"https:\/\/amcgim.org\/en\/contributing\/","og_locale":"en_US","og_type":"article","og_title":"Contributing - Acc\u00e8s Microcr\u00e9dit Gasp\u00e9sie-\u00celes-de-la-Madeleine","og_description":"About UsOur investors play an important role in the region's entrepreneurial success.Indeed, \"the community lending to the community\" is one of the fundamental principles of d\u2019Acc\u00e8s Microcr\u00e9dit Gasp\u00e9sie-\u00celes-de-la-Madeleine. To do this, our organization offers you a way to invest that allows you to get involved in your region. As a result, you promote local and [&hellip;]","og_url":"https:\/\/amcgim.org\/en\/contributing\/","og_site_name":"Acc\u00e8s Microcr\u00e9dit Gasp\u00e9sie-\u00celes-de-la-Madeleine","article_publisher":"https:\/\/www.facebook.com\/AccesMicrocreditGIM","article_modified_time":"2025-07-10T12:53:57+00:00","twitter_card":"summary_large_image","twitter_misc":{"Est. reading time":"7 minutes"},"schema":{"@context":"https:\/\/schema.org","@graph":[{"@type":"WebPage","@id":"https:\/\/amcgim.org\/en\/contributing\/","url":"https:\/\/amcgim.org\/en\/contributing\/","name":"Contributing - Acc\u00e8s Microcr\u00e9dit Gasp\u00e9sie-\u00celes-de-la-Madeleine","isPartOf":{"@id":"https:\/\/amcgim.org\/#website"},"datePublished":"2022-10-04T19:14:48+00:00","dateModified":"2025-07-10T12:53:57+00:00","breadcrumb":{"@id":"https:\/\/amcgim.org\/en\/contributing\/#breadcrumb"},"inLanguage":"en-US","potentialAction":[{"@type":"ReadAction","target":["https:\/\/amcgim.org\/en\/contributing\/"]}]},{"@type":"BreadcrumbList","@id":"https:\/\/amcgim.org\/en\/contributing\/#breadcrumb","itemListElement":[{"@type":"ListItem","position":1,"name":"Home","item":"https:\/\/amcgim.org\/en\/"},{"@type":"ListItem","position":2,"name":"Contributing"}]},{"@type":"WebSite","@id":"https:\/\/amcgim.org\/#website","url":"https:\/\/amcgim.org\/","name":"Acc\u00e8s Microcr\u00e9dit Gasp\u00e9sie-\u00celes-de-la-Madeleine","description":"Pour donner \u00e0 tous les moyens de se lancer en affaires!","publisher":{"@id":"https:\/\/amcgim.org\/#organization"},"potentialAction":[{"@type":"SearchAction","target":{"@type":"EntryPoint","urlTemplate":"https:\/\/amcgim.org\/?s={search_term_string}"},"query-input":{"@type":"PropertyValueSpecification","valueRequired":true,"valueName":"search_term_string"}}],"inLanguage":"en-US"},{"@type":"Organization","@id":"https:\/\/amcgim.org\/#organization","name":"Acc\u00e8s Micro-Cr\u00e9dit Gasp\u00e9sie-\u00celes-de-la-Madeleine","alternateName":"AMCGIM","url":"https:\/\/amcgim.org\/","logo":{"@type":"ImageObject","inLanguage":"en-US","@id":"https:\/\/amcgim.org\/#\/schema\/logo\/image\/","url":"https:\/\/amcgim.org\/wp-content\/uploads\/2023\/03\/AMC_Logo_CarreV2_Couleur.png","contentUrl":"https:\/\/amcgim.org\/wp-content\/uploads\/2023\/03\/AMC_Logo_CarreV2_Couleur.png","width":980,"height":838,"caption":"Acc\u00e8s Micro-Cr\u00e9dit Gasp\u00e9sie-\u00celes-de-la-Madeleine"},"image":{"@id":"https:\/\/amcgim.org\/#\/schema\/logo\/image\/"},"sameAs":["https:\/\/www.facebook.com\/AccesMicrocreditGIM","https:\/\/www.instagram.com\/amcgaspesie\/","https:\/\/www.linkedin.com\/company\/acces-microcredit-gaspesie-iles\/"]}]}},"_links":{"self":[{"href":"https:\/\/amcgim.org\/en\/wp-json\/wp\/v2\/pages\/1779","targetHints":{"allow":["GET"]}}],"collection":[{"href":"https:\/\/amcgim.org\/en\/wp-json\/wp\/v2\/pages"}],"about":[{"href":"https:\/\/amcgim.org\/en\/wp-json\/wp\/v2\/types\/page"}],"author":[{"embeddable":true,"href":"https:\/\/amcgim.org\/en\/wp-json\/wp\/v2\/users\/1"}],"replies":[{"embeddable":true,"href":"https:\/\/amcgim.org\/en\/wp-json\/wp\/v2\/comments?post=1779"}],"version-history":[{"count":6,"href":"https:\/\/amcgim.org\/en\/wp-json\/wp\/v2\/pages\/1779\/revisions"}],"predecessor-version":[{"id":3951,"href":"https:\/\/amcgim.org\/en\/wp-json\/wp\/v2\/pages\/1779\/revisions\/3951"}],"wp:attachment":[{"href":"https:\/\/amcgim.org\/en\/wp-json\/wp\/v2\/media?parent=1779"}],"curies":[{"name":"wp","href":"https:\/\/api.w.org\/{rel}","templated":true}]}}