{"id":1930,"date":"2022-10-21T08:55:47","date_gmt":"2022-10-21T12:55:47","guid":{"rendered":"https:\/\/amcgim.org\/contact-us\/"},"modified":"2022-10-21T08:55:51","modified_gmt":"2022-10-21T12:55:51","slug":"contact-us","status":"publish","type":"page","link":"https:\/\/amcgim.org\/en\/contact-us\/","title":{"rendered":"Contact Us"},"content":{"rendered":"<p>[et_pb_section fb_built=&#8221;1&#8243; custom_padding_last_edited=&#8221;on|desktop&#8221; _builder_version=&#8221;4.16&#8243; _module_preset=&#8221;default&#8221; use_background_color_gradient=&#8221;on&#8221; background_color_gradient_direction=&#8221;90deg&#8221; background_color_gradient_stops=&#8221;#163c5e 0%|rgba(3,80,137,0.27) 100%&#8221; background_color_gradient_overlays_image=&#8221;on&#8221; background_color_gradient_start=&#8221;#163c5e&#8221; background_color_gradient_end=&#8221;rgba(3,80,137,0.27)&#8221; background_image=&#8221;https:\/\/amcgim.org\/wp-content\/uploads\/2021\/06\/territoire-amc-gaspesie.jpg&#8221; custom_padding=&#8221;10vh||10vh||true|false&#8221; custom_padding_tablet=&#8221;4vh||4vh||true|false&#8221; custom_padding_phone=&#8221;&#8221; global_colors_info=&#8221;{}&#8221;][et_pb_row module_class=&#8221;flex&#8221; _builder_version=&#8221;4.16&#8243; _module_preset=&#8221;default&#8221; width=&#8221;86vw&#8221; max_width=&#8221;86vw&#8221; global_colors_info=&#8221;{}&#8221;][et_pb_column type=&#8221;4_4&#8243; _builder_version=&#8221;4.16&#8243; _module_preset=&#8221;default&#8221; custom_css_main_element=&#8221;margin:auto 0;&#8221; global_colors_info=&#8221;{}&#8221;][et_pb_post_title meta=&#8221;off&#8221; featured_image=&#8221;off&#8221; _builder_version=&#8221;4.16&#8243; _module_preset=&#8221;default&#8221; title_font=&#8221;|700|||||||&#8221; title_text_color=&#8221;#FFFFFF&#8221; title_font_size=&#8221;80px&#8221; custom_margin=&#8221;||0px||false|false&#8221; custom_padding=&#8221;||0px||false|false&#8221; title_font_size_tablet=&#8221;50px&#8221; title_font_size_phone=&#8221;40px&#8221; title_font_size_last_edited=&#8221;on|phone&#8221; global_colors_info=&#8221;{}&#8221;][\/et_pb_post_title][\/et_pb_column][\/et_pb_row][\/et_pb_section][et_pb_section fb_built=&#8221;1&#8243; custom_padding_last_edited=&#8221;on|phone&#8221; _builder_version=&#8221;4.16&#8243; _module_preset=&#8221;default&#8221; background_color=&#8221;#FFFFFF&#8221; custom_padding=&#8221;6vh||6vh||true|false&#8221; custom_padding_tablet=&#8221;&#8221; custom_padding_phone=&#8221;2vh||2vh||true|false&#8221; global_colors_info=&#8221;{}&#8221;][et_pb_row column_structure=&#8221;1_3,2_3&#8243; _builder_version=&#8221;4.16&#8243; _module_preset=&#8221;default&#8221; width=&#8221;86vw&#8221; max_width=&#8221;86vw&#8221; global_colors_info=&#8221;{}&#8221;][et_pb_column type=&#8221;1_3&#8243; _builder_version=&#8221;4.16&#8243; _module_preset=&#8221;default&#8221; global_colors_info=&#8221;{}&#8221;][et_pb_text _builder_version=&#8221;4.16&#8243; _module_preset=&#8221;default&#8221; header_font=&#8221;|700|||||||&#8221; header_2_font=&#8221;|700|||||||&#8221; header_2_font_size=&#8221;45px&#8221; scroll_horizontal_motion_enable=&#8221;on&#8221; scroll_horizontal_motion=&#8221;0|50|50|100|-1|0|0&#8243; scroll_rotating=&#8221;0|50|50|100|10\u00b0|0|0\u00b0&#8221; header_2_font_size_tablet=&#8221;35px&#8221; header_2_font_size_phone=&#8221;30px&#8221; header_2_font_size_last_edited=&#8221;on|phone&#8221; global_colors_info=&#8221;{}&#8221;]<\/p>\n<h2>Contact us to learn more about our services<\/h2>\n<p>[\/et_pb_text][\/et_pb_column][et_pb_column type=&#8221;2_3&#8243; _builder_version=&#8221;4.16&#8243; _module_preset=&#8221;default&#8221; global_colors_info=&#8221;{}&#8221;][et_pb_text _builder_version=&#8221;4.17.3&#8243; _module_preset=&#8221;default&#8221; custom_margin=&#8221;||15px||false|false&#8221; global_colors_info=&#8221;{}&#8221;]<\/p>\n<p>Phone number:<\/p>\n<p>[\/et_pb_text][et_pb_text _builder_version=&#8221;4.18.0&#8243; _module_preset=&#8221;default&#8221; header_3_text_color=&#8221;#035089&#8243; header_3_font_size=&#8221;35px&#8221; hover_enabled=&#8221;0&#8243; header_3_font_size_tablet=&#8221;30px&#8221; header_3_font_size_phone=&#8221;20px&#8221; header_3_font_size_last_edited=&#8221;on|phone&#8221; global_colors_info=&#8221;{}&#8221; sticky_enabled=&#8221;0&#8243;]<\/p>\n<h3><span>418 534-3834<\/span><\/h3>\n<p>[\/et_pb_text][et_pb_text _builder_version=&#8221;4.17.3&#8243; _module_preset=&#8221;default&#8221; custom_margin=&#8221;||15px||false|false&#8221; global_colors_info=&#8221;{}&#8221;]<\/p>\n<p>Email:<\/p>\n<p>[\/et_pb_text][et_pb_text _builder_version=&#8221;4.17.3&#8243; _module_preset=&#8221;default&#8221; header_3_text_color=&#8221;#035089&#8243; header_3_font_size=&#8221;35px&#8221; hover_enabled=&#8221;0&#8243; header_3_font_size_tablet=&#8221;30px&#8221; header_3_font_size_phone=&#8221;20px&#8221; header_3_font_size_last_edited=&#8221;on|tablet&#8221; global_colors_info=&#8221;{}&#8221; sticky_enabled=&#8221;0&#8243;]<\/p>\n<h3><a href=\"mailto:%20info@amcgaspesie.org\" target=\"_blank\" rel=\"noopener\">info@amcgim.org<\/a><\/h3>\n<p>[\/et_pb_text][et_pb_text _builder_version=&#8221;4.17.3&#8243; _module_preset=&#8221;default&#8221; custom_margin=&#8221;||15px||false|false&#8221; global_colors_info=&#8221;{}&#8221;]<\/p>\n<p>Address:<\/p>\n<p>[\/et_pb_text][et_pb_text _builder_version=&#8221;4.16&#8243; _module_preset=&#8221;default&#8221; header_3_text_color=&#8221;#035089&#8243; header_3_font_size=&#8221;35px&#8221; header_3_font_size_tablet=&#8221;30px&#8221; header_3_font_size_phone=&#8221;20px&#8221; header_3_font_size_last_edited=&#8221;on|phone&#8221; global_colors_info=&#8221;{}&#8221;]<\/p>\n<h3>473 boulevard Perron, CP 2183, Maria (QC) G0C 1Y0<\/h3>\n<p>[\/et_pb_text][\/et_pb_column][\/et_pb_row][\/et_pb_section]<\/p>\n","protected":false},"excerpt":{"rendered":"<p>Contact us to learn more about our servicesPhone number:418 534-3834Email:info@amcgim.orgAddress:473 boulevard Perron, CP 2183, Maria (QC) G0C 1Y0<\/p>\n","protected":false},"author":1,"featured_media":0,"parent":0,"menu_order":0,"comment_status":"closed","ping_status":"closed","template":"","meta":{"_et_pb_use_builder":"on","_et_pb_old_content":"","_et_gb_content_width":"","inline_featured_image":false,"footnotes":""},"class_list":["post-1930","page","type-page","status-publish","hentry"],"yoast_head":"<!-- This site is optimized with the Yoast SEO plugin v27.3 - https:\/\/yoast.com\/product\/yoast-seo-wordpress\/ -->\n<title>Contact Us - Acc\u00e8s Microcr\u00e9dit Gasp\u00e9sie-\u00celes-de-la-Madeleine<\/title>\n<meta name=\"robots\" content=\"index, follow, max-snippet:-1, max-image-preview:large, max-video-preview:-1\" \/>\n<link rel=\"canonical\" href=\"https:\/\/amcgim.org\/nous-joindre\/\" \/>\n<meta property=\"og:locale\" content=\"en_US\" \/>\n<meta property=\"og:type\" content=\"article\" \/>\n<meta property=\"og:title\" content=\"Contact Us - Acc\u00e8s Microcr\u00e9dit Gasp\u00e9sie-\u00celes-de-la-Madeleine\" \/>\n<meta property=\"og:description\" content=\"Contact us to learn more about our servicesPhone number:418 534-3834Email:info@amcgim.orgAddress:473 boulevard Perron, CP 2183, Maria (QC) G0C 1Y0\" \/>\n<meta property=\"og:url\" content=\"https:\/\/amcgim.org\/nous-joindre\/\" \/>\n<meta property=\"og:site_name\" content=\"Acc\u00e8s Microcr\u00e9dit Gasp\u00e9sie-\u00celes-de-la-Madeleine\" \/>\n<meta property=\"article:publisher\" content=\"https:\/\/www.facebook.com\/AccesMicrocreditGIM\" \/>\n<meta property=\"article:modified_time\" content=\"2022-10-21T12:55:51+00:00\" \/>\n<meta name=\"twitter:card\" content=\"summary_large_image\" \/>\n<meta name=\"twitter:label1\" content=\"Est. reading time\" \/>\n\t<meta name=\"twitter:data1\" content=\"3 minutes\" \/>\n<script type=\"application\/ld+json\" class=\"yoast-schema-graph\">{\"@context\":\"https:\\\/\\\/schema.org\",\"@graph\":[{\"@type\":\"WebPage\",\"@id\":\"https:\\\/\\\/amcgim.org\\\/nous-joindre\\\/\",\"url\":\"https:\\\/\\\/amcgim.org\\\/nous-joindre\\\/\",\"name\":\"Contact Us - Acc\u00e8s Microcr\u00e9dit Gasp\u00e9sie-\u00celes-de-la-Madeleine\",\"isPartOf\":{\"@id\":\"https:\\\/\\\/amcgim.org\\\/#website\"},\"datePublished\":\"2022-10-21T12:55:47+00:00\",\"dateModified\":\"2022-10-21T12:55:51+00:00\",\"breadcrumb\":{\"@id\":\"https:\\\/\\\/amcgim.org\\\/nous-joindre\\\/#breadcrumb\"},\"inLanguage\":\"en-US\",\"potentialAction\":[{\"@type\":\"ReadAction\",\"target\":[\"https:\\\/\\\/amcgim.org\\\/nous-joindre\\\/\"]}]},{\"@type\":\"BreadcrumbList\",\"@id\":\"https:\\\/\\\/amcgim.org\\\/nous-joindre\\\/#breadcrumb\",\"itemListElement\":[{\"@type\":\"ListItem\",\"position\":1,\"name\":\"Home\",\"item\":\"https:\\\/\\\/amcgim.org\\\/en\\\/\"},{\"@type\":\"ListItem\",\"position\":2,\"name\":\"Contact Us\"}]},{\"@type\":\"WebSite\",\"@id\":\"https:\\\/\\\/amcgim.org\\\/#website\",\"url\":\"https:\\\/\\\/amcgim.org\\\/\",\"name\":\"Acc\u00e8s Microcr\u00e9dit Gasp\u00e9sie-\u00celes-de-la-Madeleine\",\"description\":\"Pour donner \u00e0 tous les moyens de se lancer en affaires!\",\"publisher\":{\"@id\":\"https:\\\/\\\/amcgim.org\\\/#organization\"},\"potentialAction\":[{\"@type\":\"SearchAction\",\"target\":{\"@type\":\"EntryPoint\",\"urlTemplate\":\"https:\\\/\\\/amcgim.org\\\/?s={search_term_string}\"},\"query-input\":{\"@type\":\"PropertyValueSpecification\",\"valueRequired\":true,\"valueName\":\"search_term_string\"}}],\"inLanguage\":\"en-US\"},{\"@type\":\"Organization\",\"@id\":\"https:\\\/\\\/amcgim.org\\\/#organization\",\"name\":\"Acc\u00e8s Micro-Cr\u00e9dit Gasp\u00e9sie-\u00celes-de-la-Madeleine\",\"alternateName\":\"AMCGIM\",\"url\":\"https:\\\/\\\/amcgim.org\\\/\",\"logo\":{\"@type\":\"ImageObject\",\"inLanguage\":\"en-US\",\"@id\":\"https:\\\/\\\/amcgim.org\\\/#\\\/schema\\\/logo\\\/image\\\/\",\"url\":\"https:\\\/\\\/amcgim.org\\\/wp-content\\\/uploads\\\/2023\\\/03\\\/AMC_Logo_CarreV2_Couleur.png\",\"contentUrl\":\"https:\\\/\\\/amcgim.org\\\/wp-content\\\/uploads\\\/2023\\\/03\\\/AMC_Logo_CarreV2_Couleur.png\",\"width\":980,\"height\":838,\"caption\":\"Acc\u00e8s Micro-Cr\u00e9dit Gasp\u00e9sie-\u00celes-de-la-Madeleine\"},\"image\":{\"@id\":\"https:\\\/\\\/amcgim.org\\\/#\\\/schema\\\/logo\\\/image\\\/\"},\"sameAs\":[\"https:\\\/\\\/www.facebook.com\\\/AccesMicrocreditGIM\",\"https:\\\/\\\/www.instagram.com\\\/amcgaspesie\\\/\",\"https:\\\/\\\/www.linkedin.com\\\/company\\\/acces-microcredit-gaspesie-iles\\\/\"]}]}<\/script>\n<!-- \/ Yoast SEO plugin. -->","yoast_head_json":{"title":"Contact Us - Acc\u00e8s Microcr\u00e9dit Gasp\u00e9sie-\u00celes-de-la-Madeleine","robots":{"index":"index","follow":"follow","max-snippet":"max-snippet:-1","max-image-preview":"max-image-preview:large","max-video-preview":"max-video-preview:-1"},"canonical":"https:\/\/amcgim.org\/nous-joindre\/","og_locale":"en_US","og_type":"article","og_title":"Contact Us - Acc\u00e8s Microcr\u00e9dit Gasp\u00e9sie-\u00celes-de-la-Madeleine","og_description":"Contact us to learn more about our servicesPhone number:418 534-3834Email:info@amcgim.orgAddress:473 boulevard Perron, CP 2183, Maria (QC) G0C 1Y0","og_url":"https:\/\/amcgim.org\/nous-joindre\/","og_site_name":"Acc\u00e8s Microcr\u00e9dit Gasp\u00e9sie-\u00celes-de-la-Madeleine","article_publisher":"https:\/\/www.facebook.com\/AccesMicrocreditGIM","article_modified_time":"2022-10-21T12:55:51+00:00","twitter_card":"summary_large_image","twitter_misc":{"Est. reading time":"3 minutes"},"schema":{"@context":"https:\/\/schema.org","@graph":[{"@type":"WebPage","@id":"https:\/\/amcgim.org\/nous-joindre\/","url":"https:\/\/amcgim.org\/nous-joindre\/","name":"Contact Us - Acc\u00e8s Microcr\u00e9dit Gasp\u00e9sie-\u00celes-de-la-Madeleine","isPartOf":{"@id":"https:\/\/amcgim.org\/#website"},"datePublished":"2022-10-21T12:55:47+00:00","dateModified":"2022-10-21T12:55:51+00:00","breadcrumb":{"@id":"https:\/\/amcgim.org\/nous-joindre\/#breadcrumb"},"inLanguage":"en-US","potentialAction":[{"@type":"ReadAction","target":["https:\/\/amcgim.org\/nous-joindre\/"]}]},{"@type":"BreadcrumbList","@id":"https:\/\/amcgim.org\/nous-joindre\/#breadcrumb","itemListElement":[{"@type":"ListItem","position":1,"name":"Home","item":"https:\/\/amcgim.org\/en\/"},{"@type":"ListItem","position":2,"name":"Contact Us"}]},{"@type":"WebSite","@id":"https:\/\/amcgim.org\/#website","url":"https:\/\/amcgim.org\/","name":"Acc\u00e8s Microcr\u00e9dit Gasp\u00e9sie-\u00celes-de-la-Madeleine","description":"Pour donner \u00e0 tous les moyens de se lancer en affaires!","publisher":{"@id":"https:\/\/amcgim.org\/#organization"},"potentialAction":[{"@type":"SearchAction","target":{"@type":"EntryPoint","urlTemplate":"https:\/\/amcgim.org\/?s={search_term_string}"},"query-input":{"@type":"PropertyValueSpecification","valueRequired":true,"valueName":"search_term_string"}}],"inLanguage":"en-US"},{"@type":"Organization","@id":"https:\/\/amcgim.org\/#organization","name":"Acc\u00e8s Micro-Cr\u00e9dit Gasp\u00e9sie-\u00celes-de-la-Madeleine","alternateName":"AMCGIM","url":"https:\/\/amcgim.org\/","logo":{"@type":"ImageObject","inLanguage":"en-US","@id":"https:\/\/amcgim.org\/#\/schema\/logo\/image\/","url":"https:\/\/amcgim.org\/wp-content\/uploads\/2023\/03\/AMC_Logo_CarreV2_Couleur.png","contentUrl":"https:\/\/amcgim.org\/wp-content\/uploads\/2023\/03\/AMC_Logo_CarreV2_Couleur.png","width":980,"height":838,"caption":"Acc\u00e8s Micro-Cr\u00e9dit Gasp\u00e9sie-\u00celes-de-la-Madeleine"},"image":{"@id":"https:\/\/amcgim.org\/#\/schema\/logo\/image\/"},"sameAs":["https:\/\/www.facebook.com\/AccesMicrocreditGIM","https:\/\/www.instagram.com\/amcgaspesie\/","https:\/\/www.linkedin.com\/company\/acces-microcredit-gaspesie-iles\/"]}]}},"_links":{"self":[{"href":"https:\/\/amcgim.org\/en\/wp-json\/wp\/v2\/pages\/1930","targetHints":{"allow":["GET"]}}],"collection":[{"href":"https:\/\/amcgim.org\/en\/wp-json\/wp\/v2\/pages"}],"about":[{"href":"https:\/\/amcgim.org\/en\/wp-json\/wp\/v2\/types\/page"}],"author":[{"embeddable":true,"href":"https:\/\/amcgim.org\/en\/wp-json\/wp\/v2\/users\/1"}],"replies":[{"embeddable":true,"href":"https:\/\/amcgim.org\/en\/wp-json\/wp\/v2\/comments?post=1930"}],"version-history":[{"count":5,"href":"https:\/\/amcgim.org\/en\/wp-json\/wp\/v2\/pages\/1930\/revisions"}],"predecessor-version":[{"id":1935,"href":"https:\/\/amcgim.org\/en\/wp-json\/wp\/v2\/pages\/1930\/revisions\/1935"}],"wp:attachment":[{"href":"https:\/\/amcgim.org\/en\/wp-json\/wp\/v2\/media?parent=1930"}],"curies":[{"name":"wp","href":"https:\/\/api.w.org\/{rel}","templated":true}]}}