{"id":1936,"date":"2022-10-21T08:56:34","date_gmt":"2022-10-21T12:56:34","guid":{"rendered":"https:\/\/amcgim.org\/news-and-announcements\/"},"modified":"2024-11-05T13:44:19","modified_gmt":"2024-11-05T18:44:19","slug":"news-and-announcements","status":"publish","type":"page","link":"https:\/\/amcgim.org\/en\/news-and-announcements\/","title":{"rendered":"News and announcements"},"content":{"rendered":"<p>[et_pb_section fb_built=&#8221;1&#8243; custom_padding_last_edited=&#8221;on|desktop&#8221; _builder_version=&#8221;4.10.4&#8243; _module_preset=&#8221;default&#8221; use_background_color_gradient=&#8221;on&#8221; background_color_gradient_start=&#8221;#163c5e&#8221; background_color_gradient_end=&#8221;rgba(3,80,137,0.27)&#8221; background_color_gradient_direction=&#8221;90deg&#8221; background_color_gradient_overlays_image=&#8221;on&#8221; background_image=&#8221;https:\/\/amcgim.org\/wp-content\/uploads\/2021\/06\/mer.jpg&#8221; custom_padding=&#8221;10vh||10vh||true|false&#8221; custom_padding_tablet=&#8221;4vh||4vh||true|false&#8221; custom_padding_phone=&#8221;&#8221; global_colors_info=&#8221;{}&#8221;][et_pb_row module_class=&#8221;flex&#8221; _builder_version=&#8221;4.9.4&#8243; _module_preset=&#8221;default&#8221; width=&#8221;86vw&#8221; max_width=&#8221;86vw&#8221; global_colors_info=&#8221;{}&#8221;][et_pb_column type=&#8221;4_4&#8243; _builder_version=&#8221;4.9.4&#8243; _module_preset=&#8221;default&#8221; custom_css_main_element=&#8221;margin:auto 0;&#8221; global_colors_info=&#8221;{}&#8221;][et_pb_post_title meta=&#8221;off&#8221; featured_image=&#8221;off&#8221; _builder_version=&#8221;4.9.7&#8243; _module_preset=&#8221;default&#8221; title_font=&#8221;|700|||||||&#8221; title_text_color=&#8221;#FFFFFF&#8221; title_font_size=&#8221;80px&#8221; custom_margin=&#8221;||0px||false|false&#8221; custom_padding=&#8221;||0px||false|false&#8221; title_font_size_tablet=&#8221;50px&#8221; title_font_size_phone=&#8221;40px&#8221; title_font_size_last_edited=&#8221;on|phone&#8221; global_colors_info=&#8221;{}&#8221;][\/et_pb_post_title][et_pb_text _builder_version=&#8221;4.10.8&#8243; _module_preset=&#8221;default&#8221; header_text_color=&#8221;#ED6B17&#8243; header_font_size=&#8221;36px&#8221; background_layout=&#8221;dark&#8221; header_font_size_tablet=&#8221;26px&#8221; header_font_size_phone=&#8221;22px&#8221; header_font_size_last_edited=&#8221;on|phone&#8221; global_colors_info=&#8221;{}&#8221;]<\/p>\n<h1><strong>News<\/strong><\/h1>\n<p>[\/et_pb_text][\/et_pb_column][\/et_pb_row][\/et_pb_section][et_pb_section fb_built=&#8221;1&#8243; module_class=&#8221;categories&#8221; _builder_version=&#8221;4.10.4&#8243; _module_preset=&#8221;default&#8221; background_color=&#8221;#FFFFFF&#8221; custom_padding=&#8221;2vh||2vh||true|false&#8221; global_colors_info=&#8221;{}&#8221;][et_pb_row _builder_version=&#8221;4.9.4&#8243; _module_preset=&#8221;default&#8221; width=&#8221;86vw&#8221; max_width=&#8221;86vw&#8221; global_colors_info=&#8221;{}&#8221;][et_pb_column type=&#8221;4_4&#8243; _builder_version=&#8221;4.9.4&#8243; _module_preset=&#8221;default&#8221; global_colors_info=&#8221;{}&#8221;][et_pb_blog post_type=&#8221;nouvelle&#8221; posts_number=&#8221;24&#8243; meta_date=&#8221;j M Y&#8221; excerpt_length=&#8221;200&#8243; show_author=&#8221;off&#8221; _builder_version=&#8221;4.14.4&#8243; _module_preset=&#8221;default&#8221; header_font_size=&#8221;45px&#8221; meta_font=&#8221;|700|||||||&#8221; meta_text_color=&#8221;#035089&#8243; read_more_font=&#8221;|700||on|||||&#8221; animation_style=&#8221;fade&#8221; hover_enabled=&#8221;0&#8243; header_font_size_tablet=&#8221;35px&#8221; header_font_size_phone=&#8221;25px&#8221; header_font_size_last_edited=&#8221;on|phone&#8221; global_colors_info=&#8221;{}&#8221; header_line_height=&#8221;1.1em&#8221; sticky_enabled=&#8221;0&#8243; meta_line_height=&#8221;1.8em&#8221;][\/et_pb_blog][\/et_pb_column][\/et_pb_row][\/et_pb_section]<\/p>\n","protected":false},"excerpt":{"rendered":"<p>News<\/p>\n","protected":false},"author":1,"featured_media":0,"parent":0,"menu_order":0,"comment_status":"closed","ping_status":"closed","template":"","meta":{"_et_pb_use_builder":"on","_et_pb_old_content":"","_et_gb_content_width":"","inline_featured_image":false,"footnotes":""},"class_list":["post-1936","page","type-page","status-publish","hentry"],"yoast_head":"<!-- This site is optimized with the Yoast SEO plugin v27.4 - https:\/\/yoast.com\/product\/yoast-seo-wordpress\/ -->\n<title>News and announcements - Acc\u00e8s Microcr\u00e9dit Gasp\u00e9sie-\u00celes-de-la-Madeleine<\/title>\n<meta name=\"robots\" content=\"index, follow, max-snippet:-1, max-image-preview:large, max-video-preview:-1\" \/>\n<link rel=\"canonical\" href=\"https:\/\/amcgim.org\/en\/news-and-announcements\/\" \/>\n<meta property=\"og:locale\" content=\"en_US\" \/>\n<meta property=\"og:type\" content=\"article\" \/>\n<meta property=\"og:title\" content=\"News and announcements - Acc\u00e8s Microcr\u00e9dit Gasp\u00e9sie-\u00celes-de-la-Madeleine\" \/>\n<meta property=\"og:description\" content=\"News\" \/>\n<meta property=\"og:url\" content=\"https:\/\/amcgim.org\/en\/news-and-announcements\/\" \/>\n<meta property=\"og:site_name\" content=\"Acc\u00e8s Microcr\u00e9dit Gasp\u00e9sie-\u00celes-de-la-Madeleine\" \/>\n<meta property=\"article:publisher\" content=\"https:\/\/www.facebook.com\/AccesMicrocreditGIM\" \/>\n<meta property=\"article:modified_time\" content=\"2024-11-05T18:44:19+00:00\" \/>\n<meta name=\"twitter:card\" content=\"summary_large_image\" \/>\n<meta name=\"twitter:label1\" content=\"Est. reading time\" \/>\n\t<meta name=\"twitter:data1\" content=\"4 minutes\" \/>\n<script type=\"application\/ld+json\" class=\"yoast-schema-graph\">{\"@context\":\"https:\\\/\\\/schema.org\",\"@graph\":[{\"@type\":\"WebPage\",\"@id\":\"https:\\\/\\\/amcgim.org\\\/en\\\/news-and-announcements\\\/\",\"url\":\"https:\\\/\\\/amcgim.org\\\/en\\\/news-and-announcements\\\/\",\"name\":\"News and announcements - Acc\u00e8s Microcr\u00e9dit Gasp\u00e9sie-\u00celes-de-la-Madeleine\",\"isPartOf\":{\"@id\":\"https:\\\/\\\/amcgim.org\\\/#website\"},\"datePublished\":\"2022-10-21T12:56:34+00:00\",\"dateModified\":\"2024-11-05T18:44:19+00:00\",\"breadcrumb\":{\"@id\":\"https:\\\/\\\/amcgim.org\\\/en\\\/news-and-announcements\\\/#breadcrumb\"},\"inLanguage\":\"en-US\",\"potentialAction\":[{\"@type\":\"ReadAction\",\"target\":[\"https:\\\/\\\/amcgim.org\\\/en\\\/news-and-announcements\\\/\"]}]},{\"@type\":\"BreadcrumbList\",\"@id\":\"https:\\\/\\\/amcgim.org\\\/en\\\/news-and-announcements\\\/#breadcrumb\",\"itemListElement\":[{\"@type\":\"ListItem\",\"position\":1,\"name\":\"Home\",\"item\":\"https:\\\/\\\/amcgim.org\\\/en\\\/\"},{\"@type\":\"ListItem\",\"position\":2,\"name\":\"News and announcements\"}]},{\"@type\":\"WebSite\",\"@id\":\"https:\\\/\\\/amcgim.org\\\/#website\",\"url\":\"https:\\\/\\\/amcgim.org\\\/\",\"name\":\"Acc\u00e8s Microcr\u00e9dit Gasp\u00e9sie-\u00celes-de-la-Madeleine\",\"description\":\"Pour donner \u00e0 tous les moyens de se lancer en affaires!\",\"publisher\":{\"@id\":\"https:\\\/\\\/amcgim.org\\\/#organization\"},\"potentialAction\":[{\"@type\":\"SearchAction\",\"target\":{\"@type\":\"EntryPoint\",\"urlTemplate\":\"https:\\\/\\\/amcgim.org\\\/?s={search_term_string}\"},\"query-input\":{\"@type\":\"PropertyValueSpecification\",\"valueRequired\":true,\"valueName\":\"search_term_string\"}}],\"inLanguage\":\"en-US\"},{\"@type\":\"Organization\",\"@id\":\"https:\\\/\\\/amcgim.org\\\/#organization\",\"name\":\"Acc\u00e8s Micro-Cr\u00e9dit Gasp\u00e9sie-\u00celes-de-la-Madeleine\",\"alternateName\":\"AMCGIM\",\"url\":\"https:\\\/\\\/amcgim.org\\\/\",\"logo\":{\"@type\":\"ImageObject\",\"inLanguage\":\"en-US\",\"@id\":\"https:\\\/\\\/amcgim.org\\\/#\\\/schema\\\/logo\\\/image\\\/\",\"url\":\"https:\\\/\\\/amcgim.org\\\/wp-content\\\/uploads\\\/2023\\\/03\\\/AMC_Logo_CarreV2_Couleur.png\",\"contentUrl\":\"https:\\\/\\\/amcgim.org\\\/wp-content\\\/uploads\\\/2023\\\/03\\\/AMC_Logo_CarreV2_Couleur.png\",\"width\":980,\"height\":838,\"caption\":\"Acc\u00e8s Micro-Cr\u00e9dit Gasp\u00e9sie-\u00celes-de-la-Madeleine\"},\"image\":{\"@id\":\"https:\\\/\\\/amcgim.org\\\/#\\\/schema\\\/logo\\\/image\\\/\"},\"sameAs\":[\"https:\\\/\\\/www.facebook.com\\\/AccesMicrocreditGIM\",\"https:\\\/\\\/www.instagram.com\\\/amcgaspesie\\\/\",\"https:\\\/\\\/www.linkedin.com\\\/company\\\/acces-microcredit-gaspesie-iles\\\/\"]}]}<\/script>\n<!-- \/ Yoast SEO plugin. -->","yoast_head_json":{"title":"News and announcements - Acc\u00e8s Microcr\u00e9dit Gasp\u00e9sie-\u00celes-de-la-Madeleine","robots":{"index":"index","follow":"follow","max-snippet":"max-snippet:-1","max-image-preview":"max-image-preview:large","max-video-preview":"max-video-preview:-1"},"canonical":"https:\/\/amcgim.org\/en\/news-and-announcements\/","og_locale":"en_US","og_type":"article","og_title":"News and announcements - Acc\u00e8s Microcr\u00e9dit Gasp\u00e9sie-\u00celes-de-la-Madeleine","og_description":"News","og_url":"https:\/\/amcgim.org\/en\/news-and-announcements\/","og_site_name":"Acc\u00e8s Microcr\u00e9dit Gasp\u00e9sie-\u00celes-de-la-Madeleine","article_publisher":"https:\/\/www.facebook.com\/AccesMicrocreditGIM","article_modified_time":"2024-11-05T18:44:19+00:00","twitter_card":"summary_large_image","twitter_misc":{"Est. reading time":"4 minutes"},"schema":{"@context":"https:\/\/schema.org","@graph":[{"@type":"WebPage","@id":"https:\/\/amcgim.org\/en\/news-and-announcements\/","url":"https:\/\/amcgim.org\/en\/news-and-announcements\/","name":"News and announcements - Acc\u00e8s Microcr\u00e9dit Gasp\u00e9sie-\u00celes-de-la-Madeleine","isPartOf":{"@id":"https:\/\/amcgim.org\/#website"},"datePublished":"2022-10-21T12:56:34+00:00","dateModified":"2024-11-05T18:44:19+00:00","breadcrumb":{"@id":"https:\/\/amcgim.org\/en\/news-and-announcements\/#breadcrumb"},"inLanguage":"en-US","potentialAction":[{"@type":"ReadAction","target":["https:\/\/amcgim.org\/en\/news-and-announcements\/"]}]},{"@type":"BreadcrumbList","@id":"https:\/\/amcgim.org\/en\/news-and-announcements\/#breadcrumb","itemListElement":[{"@type":"ListItem","position":1,"name":"Home","item":"https:\/\/amcgim.org\/en\/"},{"@type":"ListItem","position":2,"name":"News and announcements"}]},{"@type":"WebSite","@id":"https:\/\/amcgim.org\/#website","url":"https:\/\/amcgim.org\/","name":"Acc\u00e8s Microcr\u00e9dit Gasp\u00e9sie-\u00celes-de-la-Madeleine","description":"Pour donner \u00e0 tous les moyens de se lancer en affaires!","publisher":{"@id":"https:\/\/amcgim.org\/#organization"},"potentialAction":[{"@type":"SearchAction","target":{"@type":"EntryPoint","urlTemplate":"https:\/\/amcgim.org\/?s={search_term_string}"},"query-input":{"@type":"PropertyValueSpecification","valueRequired":true,"valueName":"search_term_string"}}],"inLanguage":"en-US"},{"@type":"Organization","@id":"https:\/\/amcgim.org\/#organization","name":"Acc\u00e8s Micro-Cr\u00e9dit Gasp\u00e9sie-\u00celes-de-la-Madeleine","alternateName":"AMCGIM","url":"https:\/\/amcgim.org\/","logo":{"@type":"ImageObject","inLanguage":"en-US","@id":"https:\/\/amcgim.org\/#\/schema\/logo\/image\/","url":"https:\/\/amcgim.org\/wp-content\/uploads\/2023\/03\/AMC_Logo_CarreV2_Couleur.png","contentUrl":"https:\/\/amcgim.org\/wp-content\/uploads\/2023\/03\/AMC_Logo_CarreV2_Couleur.png","width":980,"height":838,"caption":"Acc\u00e8s Micro-Cr\u00e9dit Gasp\u00e9sie-\u00celes-de-la-Madeleine"},"image":{"@id":"https:\/\/amcgim.org\/#\/schema\/logo\/image\/"},"sameAs":["https:\/\/www.facebook.com\/AccesMicrocreditGIM","https:\/\/www.instagram.com\/amcgaspesie\/","https:\/\/www.linkedin.com\/company\/acces-microcredit-gaspesie-iles\/"]}]}},"_links":{"self":[{"href":"https:\/\/amcgim.org\/en\/wp-json\/wp\/v2\/pages\/1936","targetHints":{"allow":["GET"]}}],"collection":[{"href":"https:\/\/amcgim.org\/en\/wp-json\/wp\/v2\/pages"}],"about":[{"href":"https:\/\/amcgim.org\/en\/wp-json\/wp\/v2\/types\/page"}],"author":[{"embeddable":true,"href":"https:\/\/amcgim.org\/en\/wp-json\/wp\/v2\/users\/1"}],"replies":[{"embeddable":true,"href":"https:\/\/amcgim.org\/en\/wp-json\/wp\/v2\/comments?post=1936"}],"version-history":[{"count":17,"href":"https:\/\/amcgim.org\/en\/wp-json\/wp\/v2\/pages\/1936\/revisions"}],"predecessor-version":[{"id":3533,"href":"https:\/\/amcgim.org\/en\/wp-json\/wp\/v2\/pages\/1936\/revisions\/3533"}],"wp:attachment":[{"href":"https:\/\/amcgim.org\/en\/wp-json\/wp\/v2\/media?parent=1936"}],"curies":[{"name":"wp","href":"https:\/\/api.w.org\/{rel}","templated":true}]}}