{"id":1988,"date":"2022-10-21T11:06:46","date_gmt":"2022-10-21T15:06:46","guid":{"rendered":"https:\/\/amcgim.org\/starting-a-business\/"},"modified":"2022-10-21T11:06:48","modified_gmt":"2022-10-21T15:06:49","slug":"starting-a-business","status":"publish","type":"page","link":"https:\/\/amcgim.org\/en\/starting-a-business\/","title":{"rendered":"Starting a business"},"content":{"rendered":"<p>[et_pb_section fb_built=&#8221;1&#8243; custom_padding_last_edited=&#8221;on|desktop&#8221; _builder_version=&#8221;4.10.4&#8243; _module_preset=&#8221;default&#8221; use_background_color_gradient=&#8221;on&#8221; background_color_gradient_start=&#8221;#163c5e&#8221; background_color_gradient_end=&#8221;rgba(3,80,137,0.27)&#8221; background_color_gradient_direction=&#8221;90deg&#8221; background_color_gradient_overlays_image=&#8221;on&#8221; background_image=&#8221;https:\/\/amcgim.org\/wp-content\/uploads\/2021\/08\/accompagnement-amc-gaspesie.jpg&#8221; custom_padding=&#8221;10vh||10vh||true|false&#8221; custom_padding_tablet=&#8221;4vh||4vh||true|false&#8221; custom_padding_phone=&#8221;&#8221; global_colors_info=&#8221;{}&#8221;][et_pb_row module_class=&#8221;flex&#8221; _builder_version=&#8221;4.9.4&#8243; _module_preset=&#8221;default&#8221; width=&#8221;86vw&#8221; max_width=&#8221;86vw&#8221; global_colors_info=&#8221;{}&#8221;][et_pb_column type=&#8221;4_4&#8243; _builder_version=&#8221;4.9.4&#8243; _module_preset=&#8221;default&#8221; custom_css_main_element=&#8221;margin:auto 0;&#8221; global_colors_info=&#8221;{}&#8221;][et_pb_post_title meta=&#8221;off&#8221; featured_image=&#8221;off&#8221; _builder_version=&#8221;4.10.4&#8243; _module_preset=&#8221;default&#8221; title_font=&#8221;|700|||||||&#8221; title_text_color=&#8221;#FFFFFF&#8221; title_font_size=&#8221;80px&#8221; custom_margin=&#8221;||0px||false|false&#8221; custom_padding=&#8221;||0px||false|false&#8221; title_font_size_tablet=&#8221;50px&#8221; title_font_size_phone=&#8221;32px&#8221; title_font_size_last_edited=&#8221;on|phone&#8221; global_colors_info=&#8221;{}&#8221;][\/et_pb_post_title][\/et_pb_column][\/et_pb_row][\/et_pb_section][et_pb_section fb_built=&#8221;1&#8243; _builder_version=&#8221;4.14.5&#8243; _module_preset=&#8221;default&#8221; background_color=&#8221;#035089&#8243; background_color_gradient_direction=&#8221;90deg&#8221; background_enable_image=&#8221;off&#8221; custom_margin=&#8221;0px||||false|false&#8221; custom_margin_tablet=&#8221;0px||||false|false&#8221; custom_margin_phone=&#8221;0px||||false|false&#8221; custom_margin_last_edited=&#8221;on|phone&#8221; custom_padding=&#8221;4vh||4vh||true|false&#8221; global_colors_info=&#8221;{}&#8221;][et_pb_row _builder_version=&#8221;4.9.4&#8243; _module_preset=&#8221;default&#8221; global_colors_info=&#8221;{}&#8221;][et_pb_column type=&#8221;4_4&#8243; _builder_version=&#8221;4.9.4&#8243; _module_preset=&#8221;default&#8221; global_colors_info=&#8221;{}&#8221;][et_pb_text _builder_version=&#8221;4.14.5&#8243; _module_preset=&#8221;default&#8221; header_font=&#8221;|||on|||||&#8221; header_text_align=&#8221;center&#8221; header_text_color=&#8221;#FFFFFF&#8221; header_2_font=&#8221;|700||on|||||&#8221; header_2_text_align=&#8221;center&#8221; z_index=&#8221;500&#8243; background_layout=&#8221;dark&#8221; animation_style=&#8221;slide&#8221; animation_direction=&#8221;left&#8221; animation_intensity_slide=&#8221;3%&#8221; scroll_horizontal_motion=&#8221;0|50|50|100|-1|0|0&#8243; header_font_size_tablet=&#8221;45px&#8221; header_font_size_phone=&#8221;30px&#8221; header_font_size_last_edited=&#8221;on|tablet&#8221; header_2_text_align_tablet=&#8221;center&#8221; header_2_text_align_phone=&#8221;center&#8221; header_2_text_align_last_edited=&#8221;on|phone&#8221; header_2_font_size_tablet=&#8221;40px&#8221; header_2_font_size_phone=&#8221;25px&#8221; header_2_font_size_last_edited=&#8221;on|tablet&#8221; global_colors_info=&#8221;{}&#8221;]<\/p>\n<h2>Our services<\/h2>\n<p>[\/et_pb_text][\/et_pb_column][\/et_pb_row][\/et_pb_section][et_pb_section fb_built=&#8221;1&#8243; custom_padding_last_edited=&#8221;on|phone&#8221; _builder_version=&#8221;4.9.7&#8243; _module_preset=&#8221;default&#8221; background_color=&#8221;#FFFFFF&#8221; background_color_gradient_direction=&#8221;90deg&#8221; background_enable_image=&#8221;off&#8221; custom_padding=&#8221;4vh||10vh||false|false&#8221; custom_padding_tablet=&#8221;&#8221; custom_padding_phone=&#8221;||4vh||false|false&#8221; global_colors_info=&#8221;{}&#8221;][et_pb_row column_structure=&#8221;1_3,1_3,1_3&#8243; use_custom_gutter=&#8221;on&#8221; _builder_version=&#8221;4.9.4&#8243; _module_preset=&#8221;default&#8221; width=&#8221;86vw&#8221; max_width=&#8221;86vw&#8221; global_colors_info=&#8221;{}&#8221;][et_pb_column type=&#8221;1_3&#8243; _builder_version=&#8221;4.9.4&#8243; _module_preset=&#8221;default&#8221; global_colors_info=&#8221;{}&#8221;][et_pb_text _builder_version=&#8221;4.14.5&#8243; _module_preset=&#8221;default&#8221; text_font=&#8221;||||||||&#8221; text_text_color=&#8221;#161F29&#8243; header_2_font=&#8221;|700|||||||&#8221; header_2_font_size=&#8221;35px&#8221; background_color=&#8221;#FFFFFF&#8221; text_orientation=&#8221;center&#8221; custom_padding=&#8221;20px||20px||true|true&#8221; hover_enabled=&#8221;0&#8243; header_2_font_size_tablet=&#8221;&#8221; header_2_font_size_phone=&#8221;30px&#8221; header_2_font_size_last_edited=&#8221;on|phone&#8221; border_color_all=&#8221;#FFFFFF&#8221; border_color_top=&#8221;#ED6B17&#8243; global_colors_info=&#8221;{}&#8221; sticky_enabled=&#8221;0&#8243;]<\/p>\n<p><a href=\"https:\/\/amcgim.org\/wp-content\/uploads\/\/2021\/06\/accompagnement-mains.svg\"><img decoding=\"async\" class=\"wp-image-180 alignnone size-thumbnail\" src=\"https:\/\/amcgim.org\/wp-content\/uploads\/\/2021\/06\/accompagnement-mains.svg\" alt=\"accompagnement\" width=\"140\" \/><\/a><\/p>\n<h2>Local Support<\/h2>\n<p>Gasp\u00e9sie-\u00celes-de-la-Madeleine offers free personalized support to entrepreneurs in the region. Regardless of what phase your project is at (pre-start-up, start-up or expansion), our team is there to support you in your efforts to make your entrepreneurial dream a reality.<\/p>\n<p>[\/et_pb_text][et_pb_button button_url=&#8221;@ET-DC@eyJkeW5hbWljIjp0cnVlLCJjb250ZW50IjoicG9zdF9saW5rX3VybF9wYWdlIiwic2V0dGluZ3MiOnsicG9zdF9pZCI6IjQ3OSJ9fQ==@&#8221; button_text=&#8221;Learn more&#8221; button_alignment=&#8221;center&#8221; _builder_version=&#8221;4.14.5&#8243; _dynamic_attributes=&#8221;button_url&#8221; custom_button=&#8221;on&#8221; button_text_size=&#8221;15px&#8221; button_text_color=&#8221;#FFFFFF&#8221; button_bg_color=&#8221;#ED6B17&#8243; button_border_color=&#8221;#ED6B17&#8243; button_border_radius=&#8221;0px&#8221; button_letter_spacing=&#8221;2px&#8221; button_font=&#8221;|700||on|||||&#8221; button_icon=&#8221;&#x24;||divi||400&#8243; z_index=&#8221;500&#8243; custom_margin=&#8221;||||false|false&#8221; custom_margin_tablet=&#8221;30px||50px||false|false&#8221; custom_margin_phone=&#8221;&#8221; custom_margin_last_edited=&#8221;on|tablet&#8221; custom_padding=&#8221;15px|40px|15px|40px|true|true&#8221; animation_style=&#8221;slide&#8221; animation_direction=&#8221;left&#8221; animation_duration=&#8221;800ms&#8221; animation_intensity_slide=&#8221;4%&#8221; scroll_vertical_motion=&#8221;0|50|50|100|1|0|0&#8243; motion_trigger_start=&#8221;top&#8221; button_text_size_tablet=&#8221;&#8221; button_text_size_phone=&#8221;14px&#8221; button_text_size_last_edited=&#8221;on|phone&#8221; locked=&#8221;off&#8221; global_colors_info=&#8221;{}&#8221;][\/et_pb_button][\/et_pb_column][et_pb_column type=&#8221;1_3&#8243; _builder_version=&#8221;4.9.4&#8243; _module_preset=&#8221;default&#8221; global_colors_info=&#8221;{}&#8221;][et_pb_text _builder_version=&#8221;4.10.4&#8243; _module_preset=&#8221;default&#8221; text_font=&#8221;||||||||&#8221; text_text_color=&#8221;#161F29&#8243; header_2_font=&#8221;|700|||||||&#8221; header_2_font_size=&#8221;35px&#8221; background_color=&#8221;#FFFFFF&#8221; text_orientation=&#8221;center&#8221; custom_padding=&#8221;20px||20px||true|true&#8221; header_2_font_size_tablet=&#8221;&#8221; header_2_font_size_phone=&#8221;30px&#8221; header_2_font_size_last_edited=&#8221;on|phone&#8221; border_color_all=&#8221;#F3E9E9&#8243; border_color_top=&#8221;#ED6B17&#8243; global_colors_info=&#8221;{}&#8221;]<img decoding=\"async\" src=\"https:\/\/amcgim.org\/wp-content\/uploads\/\/2021\/08\/financement-icon.svg\" width=\"120\" alt=\"\" class=\"wp-image-182 alignnone size-thumbnail\" \/><\/p>\n<h2>Financing<\/h2>\n<p>Acc\u00e8s Microcr\u00e9dit Gasp\u00e9sie-\u00celes-de-la-Madeleine offers loans at preferential rates and terms up to $20,000 to entrepreneurs in Gasp\u00e9sie and the Magdalen Islands.[\/et_pb_text][et_pb_button button_url=&#8221;@ET-DC@eyJkeW5hbWljIjp0cnVlLCJjb250ZW50IjoicG9zdF9saW5rX3VybF9wYWdlIiwic2V0dGluZ3MiOnsicG9zdF9pZCI6IjUwOSJ9fQ==@&#8221; button_text=&#8221;Learn more&#8221; button_alignment=&#8221;center&#8221; _builder_version=&#8221;4.14.5&#8243; _dynamic_attributes=&#8221;button_url&#8221; custom_button=&#8221;on&#8221; button_text_size=&#8221;15px&#8221; button_text_color=&#8221;#FFFFFF&#8221; button_bg_color=&#8221;#ED6B17&#8243; button_border_color=&#8221;#ED6B17&#8243; button_border_radius=&#8221;0px&#8221; button_letter_spacing=&#8221;2px&#8221; button_font=&#8221;|700||on|||||&#8221; button_icon=&#8221;&#x24;||divi||400&#8243; z_index=&#8221;500&#8243; custom_margin=&#8221;||||false|false&#8221; custom_margin_tablet=&#8221;30px||50px||false|false&#8221; custom_margin_phone=&#8221;&#8221; custom_margin_last_edited=&#8221;on|tablet&#8221; custom_padding=&#8221;15px|40px|15px|40px|true|true&#8221; animation_style=&#8221;slide&#8221; animation_direction=&#8221;left&#8221; animation_duration=&#8221;800ms&#8221; animation_intensity_slide=&#8221;4%&#8221; scroll_vertical_motion=&#8221;0|50|50|100|-1|0|0&#8243; motion_trigger_start=&#8221;top&#8221; button_text_size_tablet=&#8221;&#8221; button_text_size_phone=&#8221;14px&#8221; button_text_size_last_edited=&#8221;on|phone&#8221; locked=&#8221;off&#8221; global_colors_info=&#8221;{}&#8221;][\/et_pb_button][\/et_pb_column][et_pb_column type=&#8221;1_3&#8243; _builder_version=&#8221;4.9.4&#8243; _module_preset=&#8221;default&#8221; global_colors_info=&#8221;{}&#8221;][et_pb_text _builder_version=&#8221;4.9.7&#8243; _module_preset=&#8221;default&#8221; text_font=&#8221;||||||||&#8221; text_text_color=&#8221;#161F29&#8243; header_2_font=&#8221;|700|||||||&#8221; header_2_font_size=&#8221;35px&#8221; background_color=&#8221;#FFFFFF&#8221; text_orientation=&#8221;center&#8221; custom_padding=&#8221;20px||20px||true|true&#8221; header_2_font_size_tablet=&#8221;&#8221; header_2_font_size_phone=&#8221;30px&#8221; header_2_font_size_last_edited=&#8221;on|phone&#8221; border_color_all=&#8221;#F3E9E9&#8243; border_color_top=&#8221;#ED6B17&#8243; global_colors_info=&#8221;{}&#8221;]<\/p>\n<p><img decoding=\"async\" src=\"https:\/\/amcgim.org\/wp-content\/uploads\/\/2021\/06\/admission.svg\" width=\"120\" alt=\"admission\" class=\"wp-image-182 alignnone size-thumbnail\" \/><\/p>\n<h2>Eligibility<\/h2>\n<p>Our services are offered to anyone with a viable business project in Gasp\u00e9sie and the Magdalen Islands. AMCG\u00ceM is proud to support entrepreneurs with limited access to conventional financial services.<\/p>\n<p>[\/et_pb_text][et_pb_button button_url=&#8221;@ET-DC@eyJkeW5hbWljIjp0cnVlLCJjb250ZW50IjoicG9zdF9saW5rX3VybF9wYWdlIiwic2V0dGluZ3MiOnsicG9zdF9pZCI6IjUzMyJ9fQ==@&#8221; button_text=&#8221;Learn more&#8221; button_alignment=&#8221;center&#8221; _builder_version=&#8221;4.14.5&#8243; _dynamic_attributes=&#8221;button_url&#8221; custom_button=&#8221;on&#8221; button_text_size=&#8221;15px&#8221; button_text_color=&#8221;#FFFFFF&#8221; button_bg_color=&#8221;#ED6B17&#8243; button_border_color=&#8221;#ED6B17&#8243; button_border_radius=&#8221;0px&#8221; button_letter_spacing=&#8221;2px&#8221; button_font=&#8221;|700||on|||||&#8221; button_icon=&#8221;&#x24;||divi||400&#8243; z_index=&#8221;500&#8243; custom_margin=&#8221;||||false|false&#8221; custom_margin_tablet=&#8221;30px||50px||false|false&#8221; custom_margin_phone=&#8221;&#8221; custom_margin_last_edited=&#8221;on|tablet&#8221; custom_padding=&#8221;15px|40px|15px|40px|true|true&#8221; animation_style=&#8221;slide&#8221; animation_direction=&#8221;left&#8221; animation_duration=&#8221;800ms&#8221; animation_intensity_slide=&#8221;4%&#8221; scroll_vertical_motion=&#8221;0|50|50|100|1|0|0&#8243; motion_trigger_start=&#8221;top&#8221; button_text_size_tablet=&#8221;&#8221; button_text_size_phone=&#8221;14px&#8221; button_text_size_last_edited=&#8221;on|phone&#8221; locked=&#8221;off&#8221; global_colors_info=&#8221;{}&#8221;][\/et_pb_button][\/et_pb_column][\/et_pb_row][\/et_pb_section]<\/p>\n","protected":false},"excerpt":{"rendered":"<p>Our services Local Support Gasp\u00e9sie-\u00celes-de-la-Madeleine offers free personalized support to entrepreneurs in the region. Regardless of what phase your project is at (pre-start-up, start-up or expansion), our team is there to support you in your efforts to make your entrepreneurial dream a reality. Financing Acc\u00e8s Microcr\u00e9dit Gasp\u00e9sie-\u00celes-de-la-Madeleine offers loans at preferential rates and terms up [&hellip;]<\/p>\n","protected":false},"author":1,"featured_media":0,"parent":0,"menu_order":0,"comment_status":"closed","ping_status":"closed","template":"","meta":{"_et_pb_use_builder":"on","_et_pb_old_content":"","_et_gb_content_width":"","inline_featured_image":false,"footnotes":""},"class_list":["post-1988","page","type-page","status-publish","hentry"],"yoast_head":"<!-- This site is optimized with the Yoast SEO plugin v27.3 - https:\/\/yoast.com\/product\/yoast-seo-wordpress\/ -->\n<title>Starting a business - Acc\u00e8s Microcr\u00e9dit Gasp\u00e9sie-\u00celes-de-la-Madeleine<\/title>\n<meta name=\"robots\" content=\"index, follow, max-snippet:-1, max-image-preview:large, max-video-preview:-1\" \/>\n<link rel=\"canonical\" href=\"https:\/\/amcgim.org\/entreprendre\/\" \/>\n<meta property=\"og:locale\" content=\"en_US\" \/>\n<meta property=\"og:type\" content=\"article\" \/>\n<meta property=\"og:title\" content=\"Starting a business - Acc\u00e8s Microcr\u00e9dit Gasp\u00e9sie-\u00celes-de-la-Madeleine\" \/>\n<meta property=\"og:description\" content=\"Our services Local Support Gasp\u00e9sie-\u00celes-de-la-Madeleine offers free personalized support to entrepreneurs in the region. Regardless of what phase your project is at (pre-start-up, start-up or expansion), our team is there to support you in your efforts to make your entrepreneurial dream a reality. Financing Acc\u00e8s Microcr\u00e9dit Gasp\u00e9sie-\u00celes-de-la-Madeleine offers loans at preferential rates and terms up [&hellip;]\" \/>\n<meta property=\"og:url\" content=\"https:\/\/amcgim.org\/entreprendre\/\" \/>\n<meta property=\"og:site_name\" content=\"Acc\u00e8s Microcr\u00e9dit Gasp\u00e9sie-\u00celes-de-la-Madeleine\" \/>\n<meta property=\"article:publisher\" content=\"https:\/\/www.facebook.com\/AccesMicrocreditGIM\" \/>\n<meta property=\"article:modified_time\" content=\"2022-10-21T15:06:49+00:00\" \/>\n<meta property=\"og:image\" content=\"https:\/\/amcgim.org\/wp-content\/uploads\/\/2021\/06\/accompagnement-mains.svg\" \/>\n<meta name=\"twitter:card\" content=\"summary_large_image\" \/>\n<meta name=\"twitter:label1\" content=\"Est. reading time\" \/>\n\t<meta name=\"twitter:data1\" content=\"6 minutes\" \/>\n<script type=\"application\/ld+json\" class=\"yoast-schema-graph\">{\"@context\":\"https:\\\/\\\/schema.org\",\"@graph\":[{\"@type\":\"WebPage\",\"@id\":\"https:\\\/\\\/amcgim.org\\\/entreprendre\\\/\",\"url\":\"https:\\\/\\\/amcgim.org\\\/entreprendre\\\/\",\"name\":\"Starting a business - Acc\u00e8s Microcr\u00e9dit Gasp\u00e9sie-\u00celes-de-la-Madeleine\",\"isPartOf\":{\"@id\":\"https:\\\/\\\/amcgim.org\\\/#website\"},\"primaryImageOfPage\":{\"@id\":\"https:\\\/\\\/amcgim.org\\\/entreprendre\\\/#primaryimage\"},\"image\":{\"@id\":\"https:\\\/\\\/amcgim.org\\\/entreprendre\\\/#primaryimage\"},\"thumbnailUrl\":\"https:\\\/\\\/amcgim.org\\\/wp-content\\\/uploads\\\/\\\/2021\\\/06\\\/accompagnement-mains.svg\",\"datePublished\":\"2022-10-21T15:06:46+00:00\",\"dateModified\":\"2022-10-21T15:06:49+00:00\",\"breadcrumb\":{\"@id\":\"https:\\\/\\\/amcgim.org\\\/entreprendre\\\/#breadcrumb\"},\"inLanguage\":\"en-US\",\"potentialAction\":[{\"@type\":\"ReadAction\",\"target\":[\"https:\\\/\\\/amcgim.org\\\/entreprendre\\\/\"]}]},{\"@type\":\"ImageObject\",\"inLanguage\":\"en-US\",\"@id\":\"https:\\\/\\\/amcgim.org\\\/entreprendre\\\/#primaryimage\",\"url\":\"https:\\\/\\\/amcgim.org\\\/wp-content\\\/uploads\\\/\\\/2021\\\/06\\\/accompagnement-mains.svg\",\"contentUrl\":\"https:\\\/\\\/amcgim.org\\\/wp-content\\\/uploads\\\/\\\/2021\\\/06\\\/accompagnement-mains.svg\"},{\"@type\":\"BreadcrumbList\",\"@id\":\"https:\\\/\\\/amcgim.org\\\/entreprendre\\\/#breadcrumb\",\"itemListElement\":[{\"@type\":\"ListItem\",\"position\":1,\"name\":\"Home\",\"item\":\"https:\\\/\\\/amcgim.org\\\/en\\\/\"},{\"@type\":\"ListItem\",\"position\":2,\"name\":\"Starting a business\"}]},{\"@type\":\"WebSite\",\"@id\":\"https:\\\/\\\/amcgim.org\\\/#website\",\"url\":\"https:\\\/\\\/amcgim.org\\\/\",\"name\":\"Acc\u00e8s Microcr\u00e9dit Gasp\u00e9sie-\u00celes-de-la-Madeleine\",\"description\":\"Pour donner \u00e0 tous les moyens de se lancer en affaires!\",\"publisher\":{\"@id\":\"https:\\\/\\\/amcgim.org\\\/#organization\"},\"potentialAction\":[{\"@type\":\"SearchAction\",\"target\":{\"@type\":\"EntryPoint\",\"urlTemplate\":\"https:\\\/\\\/amcgim.org\\\/?s={search_term_string}\"},\"query-input\":{\"@type\":\"PropertyValueSpecification\",\"valueRequired\":true,\"valueName\":\"search_term_string\"}}],\"inLanguage\":\"en-US\"},{\"@type\":\"Organization\",\"@id\":\"https:\\\/\\\/amcgim.org\\\/#organization\",\"name\":\"Acc\u00e8s Micro-Cr\u00e9dit Gasp\u00e9sie-\u00celes-de-la-Madeleine\",\"alternateName\":\"AMCGIM\",\"url\":\"https:\\\/\\\/amcgim.org\\\/\",\"logo\":{\"@type\":\"ImageObject\",\"inLanguage\":\"en-US\",\"@id\":\"https:\\\/\\\/amcgim.org\\\/#\\\/schema\\\/logo\\\/image\\\/\",\"url\":\"https:\\\/\\\/amcgim.org\\\/wp-content\\\/uploads\\\/2023\\\/03\\\/AMC_Logo_CarreV2_Couleur.png\",\"contentUrl\":\"https:\\\/\\\/amcgim.org\\\/wp-content\\\/uploads\\\/2023\\\/03\\\/AMC_Logo_CarreV2_Couleur.png\",\"width\":980,\"height\":838,\"caption\":\"Acc\u00e8s Micro-Cr\u00e9dit Gasp\u00e9sie-\u00celes-de-la-Madeleine\"},\"image\":{\"@id\":\"https:\\\/\\\/amcgim.org\\\/#\\\/schema\\\/logo\\\/image\\\/\"},\"sameAs\":[\"https:\\\/\\\/www.facebook.com\\\/AccesMicrocreditGIM\",\"https:\\\/\\\/www.instagram.com\\\/amcgaspesie\\\/\",\"https:\\\/\\\/www.linkedin.com\\\/company\\\/acces-microcredit-gaspesie-iles\\\/\"]}]}<\/script>\n<!-- \/ Yoast SEO plugin. -->","yoast_head_json":{"title":"Starting a business - Acc\u00e8s Microcr\u00e9dit Gasp\u00e9sie-\u00celes-de-la-Madeleine","robots":{"index":"index","follow":"follow","max-snippet":"max-snippet:-1","max-image-preview":"max-image-preview:large","max-video-preview":"max-video-preview:-1"},"canonical":"https:\/\/amcgim.org\/entreprendre\/","og_locale":"en_US","og_type":"article","og_title":"Starting a business - Acc\u00e8s Microcr\u00e9dit Gasp\u00e9sie-\u00celes-de-la-Madeleine","og_description":"Our services Local Support Gasp\u00e9sie-\u00celes-de-la-Madeleine offers free personalized support to entrepreneurs in the region. Regardless of what phase your project is at (pre-start-up, start-up or expansion), our team is there to support you in your efforts to make your entrepreneurial dream a reality. Financing Acc\u00e8s Microcr\u00e9dit Gasp\u00e9sie-\u00celes-de-la-Madeleine offers loans at preferential rates and terms up [&hellip;]","og_url":"https:\/\/amcgim.org\/entreprendre\/","og_site_name":"Acc\u00e8s Microcr\u00e9dit Gasp\u00e9sie-\u00celes-de-la-Madeleine","article_publisher":"https:\/\/www.facebook.com\/AccesMicrocreditGIM","article_modified_time":"2022-10-21T15:06:49+00:00","og_image":[{"url":"https:\/\/amcgim.org\/wp-content\/uploads\/\/2021\/06\/accompagnement-mains.svg","type":"","width":"","height":""}],"twitter_card":"summary_large_image","twitter_misc":{"Est. reading time":"6 minutes"},"schema":{"@context":"https:\/\/schema.org","@graph":[{"@type":"WebPage","@id":"https:\/\/amcgim.org\/entreprendre\/","url":"https:\/\/amcgim.org\/entreprendre\/","name":"Starting a business - Acc\u00e8s Microcr\u00e9dit Gasp\u00e9sie-\u00celes-de-la-Madeleine","isPartOf":{"@id":"https:\/\/amcgim.org\/#website"},"primaryImageOfPage":{"@id":"https:\/\/amcgim.org\/entreprendre\/#primaryimage"},"image":{"@id":"https:\/\/amcgim.org\/entreprendre\/#primaryimage"},"thumbnailUrl":"https:\/\/amcgim.org\/wp-content\/uploads\/\/2021\/06\/accompagnement-mains.svg","datePublished":"2022-10-21T15:06:46+00:00","dateModified":"2022-10-21T15:06:49+00:00","breadcrumb":{"@id":"https:\/\/amcgim.org\/entreprendre\/#breadcrumb"},"inLanguage":"en-US","potentialAction":[{"@type":"ReadAction","target":["https:\/\/amcgim.org\/entreprendre\/"]}]},{"@type":"ImageObject","inLanguage":"en-US","@id":"https:\/\/amcgim.org\/entreprendre\/#primaryimage","url":"https:\/\/amcgim.org\/wp-content\/uploads\/\/2021\/06\/accompagnement-mains.svg","contentUrl":"https:\/\/amcgim.org\/wp-content\/uploads\/\/2021\/06\/accompagnement-mains.svg"},{"@type":"BreadcrumbList","@id":"https:\/\/amcgim.org\/entreprendre\/#breadcrumb","itemListElement":[{"@type":"ListItem","position":1,"name":"Home","item":"https:\/\/amcgim.org\/en\/"},{"@type":"ListItem","position":2,"name":"Starting a business"}]},{"@type":"WebSite","@id":"https:\/\/amcgim.org\/#website","url":"https:\/\/amcgim.org\/","name":"Acc\u00e8s Microcr\u00e9dit Gasp\u00e9sie-\u00celes-de-la-Madeleine","description":"Pour donner \u00e0 tous les moyens de se lancer en affaires!","publisher":{"@id":"https:\/\/amcgim.org\/#organization"},"potentialAction":[{"@type":"SearchAction","target":{"@type":"EntryPoint","urlTemplate":"https:\/\/amcgim.org\/?s={search_term_string}"},"query-input":{"@type":"PropertyValueSpecification","valueRequired":true,"valueName":"search_term_string"}}],"inLanguage":"en-US"},{"@type":"Organization","@id":"https:\/\/amcgim.org\/#organization","name":"Acc\u00e8s Micro-Cr\u00e9dit Gasp\u00e9sie-\u00celes-de-la-Madeleine","alternateName":"AMCGIM","url":"https:\/\/amcgim.org\/","logo":{"@type":"ImageObject","inLanguage":"en-US","@id":"https:\/\/amcgim.org\/#\/schema\/logo\/image\/","url":"https:\/\/amcgim.org\/wp-content\/uploads\/2023\/03\/AMC_Logo_CarreV2_Couleur.png","contentUrl":"https:\/\/amcgim.org\/wp-content\/uploads\/2023\/03\/AMC_Logo_CarreV2_Couleur.png","width":980,"height":838,"caption":"Acc\u00e8s Micro-Cr\u00e9dit Gasp\u00e9sie-\u00celes-de-la-Madeleine"},"image":{"@id":"https:\/\/amcgim.org\/#\/schema\/logo\/image\/"},"sameAs":["https:\/\/www.facebook.com\/AccesMicrocreditGIM","https:\/\/www.instagram.com\/amcgaspesie\/","https:\/\/www.linkedin.com\/company\/acces-microcredit-gaspesie-iles\/"]}]}},"_links":{"self":[{"href":"https:\/\/amcgim.org\/en\/wp-json\/wp\/v2\/pages\/1988","targetHints":{"allow":["GET"]}}],"collection":[{"href":"https:\/\/amcgim.org\/en\/wp-json\/wp\/v2\/pages"}],"about":[{"href":"https:\/\/amcgim.org\/en\/wp-json\/wp\/v2\/types\/page"}],"author":[{"embeddable":true,"href":"https:\/\/amcgim.org\/en\/wp-json\/wp\/v2\/users\/1"}],"replies":[{"embeddable":true,"href":"https:\/\/amcgim.org\/en\/wp-json\/wp\/v2\/comments?post=1988"}],"version-history":[{"count":5,"href":"https:\/\/amcgim.org\/en\/wp-json\/wp\/v2\/pages\/1988\/revisions"}],"predecessor-version":[{"id":1993,"href":"https:\/\/amcgim.org\/en\/wp-json\/wp\/v2\/pages\/1988\/revisions\/1993"}],"wp:attachment":[{"href":"https:\/\/amcgim.org\/en\/wp-json\/wp\/v2\/media?parent=1988"}],"curies":[{"name":"wp","href":"https:\/\/api.w.org\/{rel}","templated":true}]}}